{"id":43498,"date":"2025-03-10T06:13:24","date_gmt":"2025-03-10T06:13:24","guid":{"rendered":"https:\/\/egerot.com\/product\/er3328\/"},"modified":"2025-03-10T06:13:24","modified_gmt":"2025-03-10T06:13:24","slug":"er3328","status":"publish","type":"product","link":"https:\/\/egerot.com\/de\/product\/er3328\/","title":{"rendered":"ER3328"},"content":{"rendered":"<p><strong>Rohr:  \u00d8: <\/strong> \u00d836 <\/p>\n<p><strong>Kegel:  \u00d8S\/\u00d8B (mm): <\/strong> 23,5\/26 <\/p>\n<p><strong>L\u00e4nge:  (mm): <\/strong> 335mm <\/p>\n","protected":false},"excerpt":{"rendered":"<p>\u00d8: \u00d836 \u00d8S\/\u00d8B (mm): 23,5\/26 (mm): 335mm<\/p>\n","protected":false},"featured_media":0,"comment_status":"closed","ping_status":"open","template":"","meta":{"_acf_changed":false},"marka":[20551],"model":[25544],"referans-numarasi":[25545],"uretici":[61855],"product_brand":[],"product_cat":[23433],"product_tag":[],"class_list":{"0":"post-43498","1":"product","2":"type-product","3":"status-publish","5":"marka-egerot-de","6":"model-various-trucks-de","7":"referans-numarasi-720128-de","8":"uretici-null","9":"product_cat-stabilisator","11":"first","12":"instock","13":"product-type-simple"},"acf":[],"_links":{"self":[{"href":"https:\/\/egerot.com\/de\/wp-json\/wp\/v2\/product\/43498","targetHints":{"allow":["GET"]}}],"collection":[{"href":"https:\/\/egerot.com\/de\/wp-json\/wp\/v2\/product"}],"about":[{"href":"https:\/\/egerot.com\/de\/wp-json\/wp\/v2\/types\/product"}],"replies":[{"embeddable":true,"href":"https:\/\/egerot.com\/de\/wp-json\/wp\/v2\/comments?post=43498"}],"wp:attachment":[{"href":"https:\/\/egerot.com\/de\/wp-json\/wp\/v2\/media?parent=43498"}],"wp:term":[{"taxonomy":"marka","embeddable":true,"href":"https:\/\/egerot.com\/de\/wp-json\/wp\/v2\/marka?post=43498"},{"taxonomy":"model","embeddable":true,"href":"https:\/\/egerot.com\/de\/wp-json\/wp\/v2\/model?post=43498"},{"taxonomy":"referans-numarasi","embeddable":true,"href":"https:\/\/egerot.com\/de\/wp-json\/wp\/v2\/referans-numarasi?post=43498"},{"taxonomy":"uretici","embeddable":true,"href":"https:\/\/egerot.com\/de\/wp-json\/wp\/v2\/uretici?post=43498"},{"taxonomy":"product_brand","embeddable":true,"href":"https:\/\/egerot.com\/de\/wp-json\/wp\/v2\/product_brand?post=43498"},{"taxonomy":"product_cat","embeddable":true,"href":"https:\/\/egerot.com\/de\/wp-json\/wp\/v2\/product_cat?post=43498"},{"taxonomy":"product_tag","embeddable":true,"href":"https:\/\/egerot.com\/de\/wp-json\/wp\/v2\/product_tag?post=43498"}],"curies":[{"name":"wp","href":"https:\/\/api.w.org\/{rel}","templated":true}]}}