{"id":44493,"date":"2025-03-10T06:03:50","date_gmt":"2025-03-10T06:03:50","guid":{"rendered":"https:\/\/egerot.com\/product\/er2248\/"},"modified":"2025-03-10T06:03:50","modified_gmt":"2025-03-10T06:03:50","slug":"er2248","status":"publish","type":"product","link":"https:\/\/egerot.com\/de\/product\/er2248\/","title":{"rendered":"ER2248"},"content":{"rendered":"<p><strong>Gewindedurchmesser: \u00d8 : <\/strong> \u00d877 <\/p>\n<p><strong>Loch: \u00d8 : <\/strong> \u00d824,2 <\/p>\n<p><strong>Loch:  ekseni (mm): : <\/strong> 96 <\/p>\n","protected":false},"excerpt":{"rendered":"<p>\u00d8 : \u00d877 \u00d8 : \u00d824,2 ekseni (mm): : 96<\/p>\n","protected":false},"featured_media":0,"comment_status":"closed","ping_status":"open","template":"","meta":{"_acf_changed":false},"marka":[20551],"model":[61854],"referans-numarasi":[27940],"uretici":[61855],"product_brand":[],"product_cat":[27581],"product_tag":[],"class_list":{"0":"post-44493","1":"product","2":"type-product","3":"status-publish","5":"marka-egerot-de","6":"model-null","7":"referans-numarasi-3310017-de","8":"uretici-null","9":"product_cat-reparatursatz","11":"first","12":"instock","13":"product-type-simple"},"acf":[],"_links":{"self":[{"href":"https:\/\/egerot.com\/de\/wp-json\/wp\/v2\/product\/44493","targetHints":{"allow":["GET"]}}],"collection":[{"href":"https:\/\/egerot.com\/de\/wp-json\/wp\/v2\/product"}],"about":[{"href":"https:\/\/egerot.com\/de\/wp-json\/wp\/v2\/types\/product"}],"replies":[{"embeddable":true,"href":"https:\/\/egerot.com\/de\/wp-json\/wp\/v2\/comments?post=44493"}],"wp:attachment":[{"href":"https:\/\/egerot.com\/de\/wp-json\/wp\/v2\/media?parent=44493"}],"wp:term":[{"taxonomy":"marka","embeddable":true,"href":"https:\/\/egerot.com\/de\/wp-json\/wp\/v2\/marka?post=44493"},{"taxonomy":"model","embeddable":true,"href":"https:\/\/egerot.com\/de\/wp-json\/wp\/v2\/model?post=44493"},{"taxonomy":"referans-numarasi","embeddable":true,"href":"https:\/\/egerot.com\/de\/wp-json\/wp\/v2\/referans-numarasi?post=44493"},{"taxonomy":"uretici","embeddable":true,"href":"https:\/\/egerot.com\/de\/wp-json\/wp\/v2\/uretici?post=44493"},{"taxonomy":"product_brand","embeddable":true,"href":"https:\/\/egerot.com\/de\/wp-json\/wp\/v2\/product_brand?post=44493"},{"taxonomy":"product_cat","embeddable":true,"href":"https:\/\/egerot.com\/de\/wp-json\/wp\/v2\/product_cat?post=44493"},{"taxonomy":"product_tag","embeddable":true,"href":"https:\/\/egerot.com\/de\/wp-json\/wp\/v2\/product_tag?post=44493"}],"curies":[{"name":"wp","href":"https:\/\/api.w.org\/{rel}","templated":true}]}}