{"id":44513,"date":"2025-03-10T06:03:36","date_gmt":"2025-03-10T06:03:36","guid":{"rendered":"https:\/\/egerot.com\/product\/er2233\/"},"modified":"2025-03-10T06:03:36","modified_gmt":"2025-03-10T06:03:36","slug":"er2233","status":"publish","type":"product","link":"https:\/\/egerot.com\/de\/product\/er2233\/","title":{"rendered":"ER2233"},"content":{"rendered":"<p><strong>Gewindedurchmesser: \u00d8 : <\/strong> \u00d891,3 <\/p>\n<p><strong>Loch: \u00d8 : <\/strong> \u00d817 <\/p>\n<p><strong>Loch:  ekseni (mm): : <\/strong> 115 <\/p>\n<p><strong>Dicke:  (mm): : <\/strong> 24 <\/p>\n","protected":false},"excerpt":{"rendered":"<p>\u00d8 : \u00d891,3 \u00d8 : \u00d817 ekseni (mm): : 115 (mm): : 24<\/p>\n","protected":false},"featured_media":0,"comment_status":"closed","ping_status":"open","template":"","meta":{"_acf_changed":false},"marka":[20551],"model":[61854],"referans-numarasi":[28080,28081],"uretici":[61855],"product_brand":[],"product_cat":[27581],"product_tag":[],"class_list":{"0":"post-44513","1":"product","2":"type-product","3":"status-publish","5":"marka-egerot-de","6":"model-null","7":"referans-numarasi-1386753-de","8":"referans-numarasi-70371217-de","9":"uretici-null","10":"product_cat-reparatursatz","12":"first","13":"instock","14":"product-type-simple"},"acf":[],"_links":{"self":[{"href":"https:\/\/egerot.com\/de\/wp-json\/wp\/v2\/product\/44513","targetHints":{"allow":["GET"]}}],"collection":[{"href":"https:\/\/egerot.com\/de\/wp-json\/wp\/v2\/product"}],"about":[{"href":"https:\/\/egerot.com\/de\/wp-json\/wp\/v2\/types\/product"}],"replies":[{"embeddable":true,"href":"https:\/\/egerot.com\/de\/wp-json\/wp\/v2\/comments?post=44513"}],"wp:attachment":[{"href":"https:\/\/egerot.com\/de\/wp-json\/wp\/v2\/media?parent=44513"}],"wp:term":[{"taxonomy":"marka","embeddable":true,"href":"https:\/\/egerot.com\/de\/wp-json\/wp\/v2\/marka?post=44513"},{"taxonomy":"model","embeddable":true,"href":"https:\/\/egerot.com\/de\/wp-json\/wp\/v2\/model?post=44513"},{"taxonomy":"referans-numarasi","embeddable":true,"href":"https:\/\/egerot.com\/de\/wp-json\/wp\/v2\/referans-numarasi?post=44513"},{"taxonomy":"uretici","embeddable":true,"href":"https:\/\/egerot.com\/de\/wp-json\/wp\/v2\/uretici?post=44513"},{"taxonomy":"product_brand","embeddable":true,"href":"https:\/\/egerot.com\/de\/wp-json\/wp\/v2\/product_brand?post=44513"},{"taxonomy":"product_cat","embeddable":true,"href":"https:\/\/egerot.com\/de\/wp-json\/wp\/v2\/product_cat?post=44513"},{"taxonomy":"product_tag","embeddable":true,"href":"https:\/\/egerot.com\/de\/wp-json\/wp\/v2\/product_tag?post=44513"}],"curies":[{"name":"wp","href":"https:\/\/api.w.org\/{rel}","templated":true}]}}