{"id":44763,"date":"2025-03-10T06:01:08","date_gmt":"2025-03-10T06:01:08","guid":{"rendered":"https:\/\/egerot.com\/product\/er2138\/"},"modified":"2025-03-10T06:01:08","modified_gmt":"2025-03-10T06:01:08","slug":"er2138","status":"publish","type":"product","link":"https:\/\/egerot.com\/de\/product\/er2138\/","title":{"rendered":"ER2138"},"content":{"rendered":"<p><strong>Gewindedurchmesser: \u00d8 : <\/strong> \u00d885 <\/p>\n<p><strong>Loch: \u00d8 : <\/strong> \u00d821\/26 <\/p>\n<p><strong>Loch:  ekseni (mm): : <\/strong> 130 <\/p>\n<p><strong>Dicke:  (mm): : <\/strong> 30 <\/p>\n","protected":false},"excerpt":{"rendered":"<p>\u00d8 : \u00d885 \u00d8 : \u00d821\/26 ekseni (mm): : 130 (mm): : 30<\/p>\n","protected":false},"featured_media":0,"comment_status":"closed","ping_status":"open","template":"","meta":{"_acf_changed":false},"marka":[20551],"model":[28816,19819],"referans-numarasi":[28817,28818,28819,28820,28821],"uretici":[61855],"product_brand":[],"product_cat":[27581],"product_tag":[],"class_list":{"0":"post-44763","1":"product","2":"type-product","3":"status-publish","5":"marka-egerot-de","6":"model-fh-fh-12-fh-16-de","7":"model-fh16-euro-6-650-700-750-de","8":"referans-numarasi-20840815-de","9":"referans-numarasi-3093630-de","10":"referans-numarasi-3093631-de","11":"referans-numarasi-7020840815-de","12":"referans-numarasi-7420840815-de","13":"uretici-null","14":"product_cat-reparatursatz","16":"first","17":"instock","18":"product-type-simple"},"acf":[],"_links":{"self":[{"href":"https:\/\/egerot.com\/de\/wp-json\/wp\/v2\/product\/44763","targetHints":{"allow":["GET"]}}],"collection":[{"href":"https:\/\/egerot.com\/de\/wp-json\/wp\/v2\/product"}],"about":[{"href":"https:\/\/egerot.com\/de\/wp-json\/wp\/v2\/types\/product"}],"replies":[{"embeddable":true,"href":"https:\/\/egerot.com\/de\/wp-json\/wp\/v2\/comments?post=44763"}],"wp:attachment":[{"href":"https:\/\/egerot.com\/de\/wp-json\/wp\/v2\/media?parent=44763"}],"wp:term":[{"taxonomy":"marka","embeddable":true,"href":"https:\/\/egerot.com\/de\/wp-json\/wp\/v2\/marka?post=44763"},{"taxonomy":"model","embeddable":true,"href":"https:\/\/egerot.com\/de\/wp-json\/wp\/v2\/model?post=44763"},{"taxonomy":"referans-numarasi","embeddable":true,"href":"https:\/\/egerot.com\/de\/wp-json\/wp\/v2\/referans-numarasi?post=44763"},{"taxonomy":"uretici","embeddable":true,"href":"https:\/\/egerot.com\/de\/wp-json\/wp\/v2\/uretici?post=44763"},{"taxonomy":"product_brand","embeddable":true,"href":"https:\/\/egerot.com\/de\/wp-json\/wp\/v2\/product_brand?post=44763"},{"taxonomy":"product_cat","embeddable":true,"href":"https:\/\/egerot.com\/de\/wp-json\/wp\/v2\/product_cat?post=44763"},{"taxonomy":"product_tag","embeddable":true,"href":"https:\/\/egerot.com\/de\/wp-json\/wp\/v2\/product_tag?post=44763"}],"curies":[{"name":"wp","href":"https:\/\/api.w.org\/{rel}","templated":true}]}}