{"id":44918,"date":"2025-03-10T05:59:38","date_gmt":"2025-03-10T05:59:38","guid":{"rendered":"https:\/\/egerot.com\/product\/er2091\/"},"modified":"2025-03-10T05:59:38","modified_gmt":"2025-03-10T05:59:38","slug":"er2091","status":"publish","type":"product","link":"https:\/\/egerot.com\/de\/product\/er2091\/","title":{"rendered":"ER2091"},"content":{"rendered":"<p><strong>Gewindedurchmesser: \u00d8 : <\/strong> \u00d885 <\/p>\n<p><strong>Loch: \u00d8 : <\/strong> \u00d825 <\/p>\n<p><strong>Loch:  ekseni (mm): : <\/strong> 130 <\/p>\n<p><strong>Dicke:  (mm): : <\/strong> 24 <\/p>\n","protected":false},"excerpt":{"rendered":"<p>\u00d8 : \u00d885 \u00d8 : \u00d825 ekseni (mm): : 130 (mm): : 24<\/p>\n","protected":false},"featured_media":0,"comment_status":"closed","ping_status":"open","template":"","meta":{"_acf_changed":false},"marka":[20551],"model":[28580,28988],"referans-numarasi":[28989,28990],"uretici":[61855],"product_brand":[],"product_cat":[27581],"product_tag":[],"class_list":{"0":"post-44918","1":"product","2":"type-product","3":"status-publish","5":"marka-egerot-de","6":"model-actros-de","7":"model-tga-tgs-tgx-f-2000-de","8":"referans-numarasi-0003502805-de","9":"referans-numarasi-81432706105-de","10":"uretici-null","11":"product_cat-reparatursatz","13":"first","14":"instock","15":"product-type-simple"},"acf":[],"_links":{"self":[{"href":"https:\/\/egerot.com\/de\/wp-json\/wp\/v2\/product\/44918","targetHints":{"allow":["GET"]}}],"collection":[{"href":"https:\/\/egerot.com\/de\/wp-json\/wp\/v2\/product"}],"about":[{"href":"https:\/\/egerot.com\/de\/wp-json\/wp\/v2\/types\/product"}],"replies":[{"embeddable":true,"href":"https:\/\/egerot.com\/de\/wp-json\/wp\/v2\/comments?post=44918"}],"wp:attachment":[{"href":"https:\/\/egerot.com\/de\/wp-json\/wp\/v2\/media?parent=44918"}],"wp:term":[{"taxonomy":"marka","embeddable":true,"href":"https:\/\/egerot.com\/de\/wp-json\/wp\/v2\/marka?post=44918"},{"taxonomy":"model","embeddable":true,"href":"https:\/\/egerot.com\/de\/wp-json\/wp\/v2\/model?post=44918"},{"taxonomy":"referans-numarasi","embeddable":true,"href":"https:\/\/egerot.com\/de\/wp-json\/wp\/v2\/referans-numarasi?post=44918"},{"taxonomy":"uretici","embeddable":true,"href":"https:\/\/egerot.com\/de\/wp-json\/wp\/v2\/uretici?post=44918"},{"taxonomy":"product_brand","embeddable":true,"href":"https:\/\/egerot.com\/de\/wp-json\/wp\/v2\/product_brand?post=44918"},{"taxonomy":"product_cat","embeddable":true,"href":"https:\/\/egerot.com\/de\/wp-json\/wp\/v2\/product_cat?post=44918"},{"taxonomy":"product_tag","embeddable":true,"href":"https:\/\/egerot.com\/de\/wp-json\/wp\/v2\/product_tag?post=44918"}],"curies":[{"name":"wp","href":"https:\/\/api.w.org\/{rel}","templated":true}]}}