{"id":45468,"date":"2025-03-10T05:54:27","date_gmt":"2025-03-10T05:54:27","guid":{"rendered":"https:\/\/egerot.com\/product\/er1898\/"},"modified":"2025-03-10T05:54:27","modified_gmt":"2025-03-10T05:54:27","slug":"er1898","status":"publish","type":"product","link":"https:\/\/egerot.com\/de\/product\/er1898\/","title":{"rendered":"ER1898"},"content":{"rendered":"<p><strong>Rohr:  \u00d8: <\/strong> \u00d826 <\/p>\n<p><strong>Kegel:  \u00d8S\/\u00d8B (mm): <\/strong> 27,1\/30 <\/p>\n<p><strong>L\u00e4nge:  (mm): <\/strong> 160mm <\/p>\n","protected":false},"excerpt":{"rendered":"<p>\u00d8: \u00d826 \u00d8S\/\u00d8B (mm): 27,1\/30 (mm): 160mm<\/p>\n","protected":false},"featured_media":0,"comment_status":"closed","ping_status":"open","template":"","meta":{"_acf_changed":false},"marka":[20551],"model":[30776,30777,30778,23399],"referans-numarasi":[30779,30780],"uretici":[61855],"product_brand":[],"product_cat":[23433],"product_tag":[],"class_list":{"0":"post-45468","1":"product","2":"type-product","3":"status-publish","5":"marka-egerot-de","6":"model-7350-de","7":"model-8700-de","8":"model-b7-de","9":"model-b9-de","10":"referans-numarasi-22342057-de","11":"referans-numarasi-24425411-de","12":"uretici-null","13":"product_cat-stabilisator","15":"first","16":"instock","17":"product-type-simple"},"acf":[],"_links":{"self":[{"href":"https:\/\/egerot.com\/de\/wp-json\/wp\/v2\/product\/45468","targetHints":{"allow":["GET"]}}],"collection":[{"href":"https:\/\/egerot.com\/de\/wp-json\/wp\/v2\/product"}],"about":[{"href":"https:\/\/egerot.com\/de\/wp-json\/wp\/v2\/types\/product"}],"replies":[{"embeddable":true,"href":"https:\/\/egerot.com\/de\/wp-json\/wp\/v2\/comments?post=45468"}],"wp:attachment":[{"href":"https:\/\/egerot.com\/de\/wp-json\/wp\/v2\/media?parent=45468"}],"wp:term":[{"taxonomy":"marka","embeddable":true,"href":"https:\/\/egerot.com\/de\/wp-json\/wp\/v2\/marka?post=45468"},{"taxonomy":"model","embeddable":true,"href":"https:\/\/egerot.com\/de\/wp-json\/wp\/v2\/model?post=45468"},{"taxonomy":"referans-numarasi","embeddable":true,"href":"https:\/\/egerot.com\/de\/wp-json\/wp\/v2\/referans-numarasi?post=45468"},{"taxonomy":"uretici","embeddable":true,"href":"https:\/\/egerot.com\/de\/wp-json\/wp\/v2\/uretici?post=45468"},{"taxonomy":"product_brand","embeddable":true,"href":"https:\/\/egerot.com\/de\/wp-json\/wp\/v2\/product_brand?post=45468"},{"taxonomy":"product_cat","embeddable":true,"href":"https:\/\/egerot.com\/de\/wp-json\/wp\/v2\/product_cat?post=45468"},{"taxonomy":"product_tag","embeddable":true,"href":"https:\/\/egerot.com\/de\/wp-json\/wp\/v2\/product_tag?post=45468"}],"curies":[{"name":"wp","href":"https:\/\/api.w.org\/{rel}","templated":true}]}}