{"id":45593,"date":"2025-03-10T05:53:19","date_gmt":"2025-03-10T05:53:19","guid":{"rendered":"https:\/\/egerot.com\/product\/er1856\/"},"modified":"2025-03-10T05:53:19","modified_gmt":"2025-03-10T05:53:19","slug":"er1856","status":"publish","type":"product","link":"https:\/\/egerot.com\/de\/product\/er1856\/","title":{"rendered":"ER1856"},"content":{"rendered":"<p><strong>Rohr:  \u00d8: <\/strong> \u00d836 <\/p>\n<p><strong>Kegel:  \u00d8S\/\u00d8B (mm): <\/strong> 23,5\/26 <\/p>\n<p><strong>L\u00e4nge:  (mm): <\/strong> 293mm <\/p>\n","protected":false},"excerpt":{"rendered":"<p>\u00d8: \u00d836 \u00d8S\/\u00d8B (mm): 23,5\/26 (mm): 293mm<\/p>\n","protected":false},"featured_media":0,"comment_status":"closed","ping_status":"open","template":"","meta":{"_acf_changed":false},"marka":[20551],"model":[26380,30980,30981],"referans-numarasi":[30982],"uretici":[61855],"product_brand":[],"product_cat":[23433],"product_tag":[],"class_list":{"0":"post-45593","1":"product","2":"type-product","3":"status-publish","5":"marka-egerot-de","6":"model-k-de","7":"model-k-94-l-94-n-94-114-124-bus-k94-l94-n94-114-124-bus-f-de","8":"model-n-bus-irizar-pb-de","9":"referans-numarasi-488738-de","10":"uretici-null","11":"product_cat-stabilisator","13":"first","14":"instock","15":"product-type-simple"},"acf":[],"_links":{"self":[{"href":"https:\/\/egerot.com\/de\/wp-json\/wp\/v2\/product\/45593","targetHints":{"allow":["GET"]}}],"collection":[{"href":"https:\/\/egerot.com\/de\/wp-json\/wp\/v2\/product"}],"about":[{"href":"https:\/\/egerot.com\/de\/wp-json\/wp\/v2\/types\/product"}],"replies":[{"embeddable":true,"href":"https:\/\/egerot.com\/de\/wp-json\/wp\/v2\/comments?post=45593"}],"wp:attachment":[{"href":"https:\/\/egerot.com\/de\/wp-json\/wp\/v2\/media?parent=45593"}],"wp:term":[{"taxonomy":"marka","embeddable":true,"href":"https:\/\/egerot.com\/de\/wp-json\/wp\/v2\/marka?post=45593"},{"taxonomy":"model","embeddable":true,"href":"https:\/\/egerot.com\/de\/wp-json\/wp\/v2\/model?post=45593"},{"taxonomy":"referans-numarasi","embeddable":true,"href":"https:\/\/egerot.com\/de\/wp-json\/wp\/v2\/referans-numarasi?post=45593"},{"taxonomy":"uretici","embeddable":true,"href":"https:\/\/egerot.com\/de\/wp-json\/wp\/v2\/uretici?post=45593"},{"taxonomy":"product_brand","embeddable":true,"href":"https:\/\/egerot.com\/de\/wp-json\/wp\/v2\/product_brand?post=45593"},{"taxonomy":"product_cat","embeddable":true,"href":"https:\/\/egerot.com\/de\/wp-json\/wp\/v2\/product_cat?post=45593"},{"taxonomy":"product_tag","embeddable":true,"href":"https:\/\/egerot.com\/de\/wp-json\/wp\/v2\/product_tag?post=45593"}],"curies":[{"name":"wp","href":"https:\/\/api.w.org\/{rel}","templated":true}]}}