{"id":45683,"date":"2025-03-10T05:52:26","date_gmt":"2025-03-10T05:52:26","guid":{"rendered":"https:\/\/egerot.com\/product\/er1817\/"},"modified":"2025-03-10T05:52:26","modified_gmt":"2025-03-10T05:52:26","slug":"er1817","status":"publish","type":"product","link":"https:\/\/egerot.com\/de\/product\/er1817\/","title":{"rendered":"ER1817"},"content":{"rendered":"<p><strong>Rohr:  \u00d8: <\/strong> \u00d836 <\/p>\n<p><strong>Kegel:  \u00d8S\/\u00d8B (mm): <\/strong> 24,7\/28,6 <\/p>\n<p><strong>Kegel:  \u00d8S\/\u00d8B (mm): <\/strong> 28\/32 <\/p>\n<p><strong>L\u00e4nge:  (mm): <\/strong> 350mm <\/p>\n","protected":false},"excerpt":{"rendered":"<p>\u00d8: \u00d836 \u00d8S\/\u00d8B (mm): 24,7\/28,6 \u00d8S\/\u00d8B (mm): 28\/32 (mm): 350mm<\/p>\n","protected":false},"featured_media":0,"comment_status":"closed","ping_status":"open","template":"","meta":{"_acf_changed":false},"marka":[20551],"model":[30776,30777,31308,30778,23399,31280,31281,31282,24916,31283,31309,31310],"referans-numarasi":[31311,26872],"uretici":[61855],"product_brand":[],"product_cat":[23433],"product_tag":[],"class_list":{"0":"post-45683","1":"product","2":"type-product","3":"status-publish","5":"marka-egerot-de","6":"model-7350-de","7":"model-8700-de","8":"model-b6-de","9":"model-b7-de","10":"model-b9-de","11":"model-fh-de","12":"model-fh12-de","13":"model-fh16-de","14":"model-fl6-de","15":"model-fm-de","16":"model-fm12-de","17":"model-fm9-de","18":"referans-numarasi-20443063-de","19":"referans-numarasi-20994420-de","20":"uretici-null","21":"product_cat-stabilisator","23":"first","24":"instock","25":"product-type-simple"},"acf":[],"_links":{"self":[{"href":"https:\/\/egerot.com\/de\/wp-json\/wp\/v2\/product\/45683","targetHints":{"allow":["GET"]}}],"collection":[{"href":"https:\/\/egerot.com\/de\/wp-json\/wp\/v2\/product"}],"about":[{"href":"https:\/\/egerot.com\/de\/wp-json\/wp\/v2\/types\/product"}],"replies":[{"embeddable":true,"href":"https:\/\/egerot.com\/de\/wp-json\/wp\/v2\/comments?post=45683"}],"wp:attachment":[{"href":"https:\/\/egerot.com\/de\/wp-json\/wp\/v2\/media?parent=45683"}],"wp:term":[{"taxonomy":"marka","embeddable":true,"href":"https:\/\/egerot.com\/de\/wp-json\/wp\/v2\/marka?post=45683"},{"taxonomy":"model","embeddable":true,"href":"https:\/\/egerot.com\/de\/wp-json\/wp\/v2\/model?post=45683"},{"taxonomy":"referans-numarasi","embeddable":true,"href":"https:\/\/egerot.com\/de\/wp-json\/wp\/v2\/referans-numarasi?post=45683"},{"taxonomy":"uretici","embeddable":true,"href":"https:\/\/egerot.com\/de\/wp-json\/wp\/v2\/uretici?post=45683"},{"taxonomy":"product_brand","embeddable":true,"href":"https:\/\/egerot.com\/de\/wp-json\/wp\/v2\/product_brand?post=45683"},{"taxonomy":"product_cat","embeddable":true,"href":"https:\/\/egerot.com\/de\/wp-json\/wp\/v2\/product_cat?post=45683"},{"taxonomy":"product_tag","embeddable":true,"href":"https:\/\/egerot.com\/de\/wp-json\/wp\/v2\/product_tag?post=45683"}],"curies":[{"name":"wp","href":"https:\/\/api.w.org\/{rel}","templated":true}]}}