{"id":45703,"date":"2025-03-10T05:52:13","date_gmt":"2025-03-10T05:52:13","guid":{"rendered":"https:\/\/egerot.com\/product\/er1810\/"},"modified":"2025-03-10T05:52:13","modified_gmt":"2025-03-10T05:52:13","slug":"er1810","status":"publish","type":"product","link":"https:\/\/egerot.com\/de\/product\/er1810\/","title":{"rendered":"ER1810"},"content":{"rendered":"<p><strong>Rohr:  \u00d8: <\/strong> \u00d836 <\/p>\n<p><strong>Kegel:  \u00d8S\/\u00d8B (mm): <\/strong> 23,5\/26 <\/p>\n<p><strong>L\u00e4nge:  (mm): <\/strong> 260mm <\/p>\n","protected":false},"excerpt":{"rendered":"<p>\u00d8: \u00d836 \u00d8S\/\u00d8B (mm): 23,5\/26 (mm): 260mm<\/p>\n","protected":false},"featured_media":0,"comment_status":"closed","ping_status":"open","template":"","meta":{"_acf_changed":false},"marka":[20551],"model":[31224],"referans-numarasi":[31225],"uretici":[61855],"product_brand":[],"product_cat":[23433],"product_tag":[],"class_list":{"0":"post-45703","1":"product","2":"type-product","3":"status-publish","5":"marka-egerot-de","6":"model-actros-antos-de","7":"referans-numarasi-9603262947-de","8":"uretici-null","9":"product_cat-stabilisator","11":"first","12":"instock","13":"product-type-simple"},"acf":[],"_links":{"self":[{"href":"https:\/\/egerot.com\/de\/wp-json\/wp\/v2\/product\/45703","targetHints":{"allow":["GET"]}}],"collection":[{"href":"https:\/\/egerot.com\/de\/wp-json\/wp\/v2\/product"}],"about":[{"href":"https:\/\/egerot.com\/de\/wp-json\/wp\/v2\/types\/product"}],"replies":[{"embeddable":true,"href":"https:\/\/egerot.com\/de\/wp-json\/wp\/v2\/comments?post=45703"}],"wp:attachment":[{"href":"https:\/\/egerot.com\/de\/wp-json\/wp\/v2\/media?parent=45703"}],"wp:term":[{"taxonomy":"marka","embeddable":true,"href":"https:\/\/egerot.com\/de\/wp-json\/wp\/v2\/marka?post=45703"},{"taxonomy":"model","embeddable":true,"href":"https:\/\/egerot.com\/de\/wp-json\/wp\/v2\/model?post=45703"},{"taxonomy":"referans-numarasi","embeddable":true,"href":"https:\/\/egerot.com\/de\/wp-json\/wp\/v2\/referans-numarasi?post=45703"},{"taxonomy":"uretici","embeddable":true,"href":"https:\/\/egerot.com\/de\/wp-json\/wp\/v2\/uretici?post=45703"},{"taxonomy":"product_brand","embeddable":true,"href":"https:\/\/egerot.com\/de\/wp-json\/wp\/v2\/product_brand?post=45703"},{"taxonomy":"product_cat","embeddable":true,"href":"https:\/\/egerot.com\/de\/wp-json\/wp\/v2\/product_cat?post=45703"},{"taxonomy":"product_tag","embeddable":true,"href":"https:\/\/egerot.com\/de\/wp-json\/wp\/v2\/product_tag?post=45703"}],"curies":[{"name":"wp","href":"https:\/\/api.w.org\/{rel}","templated":true}]}}