{"id":46518,"date":"2025-03-10T05:44:54","date_gmt":"2025-03-10T05:44:54","guid":{"rendered":"https:\/\/egerot.com\/product\/er1558\/"},"modified":"2025-03-10T05:44:54","modified_gmt":"2025-03-10T05:44:54","slug":"er1558","status":"publish","type":"product","link":"https:\/\/egerot.com\/de\/product\/er1558\/","title":{"rendered":"ER1558"},"content":{"rendered":"<p><strong>Rohr:  \u00d8: <\/strong> \u00d836 <\/p>\n<p><strong>Kegel:  \u00d8S\/\u00d8B (mm): <\/strong> 28\/32 <\/p>\n<p><strong>L\u00e4nge:  (mm): <\/strong> 350mm <\/p>\n","protected":false},"excerpt":{"rendered":"<p>\u00d8: \u00d836 \u00d8S\/\u00d8B (mm): 28\/32 (mm): 350mm<\/p>\n","protected":false},"featured_media":0,"comment_status":"closed","ping_status":"open","template":"","meta":{"_acf_changed":false},"marka":[20551],"model":[33292],"referans-numarasi":[33293,33294,33295,33296,33297,33298,33299,26860],"uretici":[61855],"product_brand":[],"product_cat":[23433],"product_tag":[],"class_list":{"0":"post-46518","1":"product","2":"type-product","3":"status-publish","5":"marka-egerot-de","6":"model-b6-b7-b9-fh-fh-ii-fh12-fh16-fh16-ii-fl6-fm-fm12-fmx-fmx-ii-7350-8700-de","7":"referans-numarasi-21146253-de","8":"referans-numarasi-21146255-de","9":"referans-numarasi-21176251-de","10":"referans-numarasi-21176253-de","11":"referans-numarasi-21176255-de","12":"referans-numarasi-21182238-de","13":"referans-numarasi-21182239-de","14":"referans-numarasi-21287063-de","15":"uretici-null","16":"product_cat-stabilisator","18":"first","19":"instock","20":"product-type-simple"},"acf":[],"_links":{"self":[{"href":"https:\/\/egerot.com\/de\/wp-json\/wp\/v2\/product\/46518","targetHints":{"allow":["GET"]}}],"collection":[{"href":"https:\/\/egerot.com\/de\/wp-json\/wp\/v2\/product"}],"about":[{"href":"https:\/\/egerot.com\/de\/wp-json\/wp\/v2\/types\/product"}],"replies":[{"embeddable":true,"href":"https:\/\/egerot.com\/de\/wp-json\/wp\/v2\/comments?post=46518"}],"wp:attachment":[{"href":"https:\/\/egerot.com\/de\/wp-json\/wp\/v2\/media?parent=46518"}],"wp:term":[{"taxonomy":"marka","embeddable":true,"href":"https:\/\/egerot.com\/de\/wp-json\/wp\/v2\/marka?post=46518"},{"taxonomy":"model","embeddable":true,"href":"https:\/\/egerot.com\/de\/wp-json\/wp\/v2\/model?post=46518"},{"taxonomy":"referans-numarasi","embeddable":true,"href":"https:\/\/egerot.com\/de\/wp-json\/wp\/v2\/referans-numarasi?post=46518"},{"taxonomy":"uretici","embeddable":true,"href":"https:\/\/egerot.com\/de\/wp-json\/wp\/v2\/uretici?post=46518"},{"taxonomy":"product_brand","embeddable":true,"href":"https:\/\/egerot.com\/de\/wp-json\/wp\/v2\/product_brand?post=46518"},{"taxonomy":"product_cat","embeddable":true,"href":"https:\/\/egerot.com\/de\/wp-json\/wp\/v2\/product_cat?post=46518"},{"taxonomy":"product_tag","embeddable":true,"href":"https:\/\/egerot.com\/de\/wp-json\/wp\/v2\/product_tag?post=46518"}],"curies":[{"name":"wp","href":"https:\/\/api.w.org\/{rel}","templated":true}]}}