{"id":46528,"date":"2025-03-10T05:44:41","date_gmt":"2025-03-10T05:44:41","guid":{"rendered":"https:\/\/egerot.com\/product\/er1536\/"},"modified":"2025-03-10T05:44:41","modified_gmt":"2025-03-10T05:44:41","slug":"er1536","status":"publish","type":"product","link":"https:\/\/egerot.com\/de\/product\/er1536\/","title":{"rendered":"ER1536"},"content":{"rendered":"<p><strong>Rohr:  \u00d8: <\/strong> \u00d836 <\/p>\n<p><strong>Kegel:  \u00d8S\/\u00d8B (mm): <\/strong> 28\/32 <\/p>\n<p><strong>L\u00e4nge:  (mm): <\/strong> 435mm <\/p>\n","protected":false},"excerpt":{"rendered":"<p>\u00d8: \u00d836 \u00d8S\/\u00d8B (mm): 28\/32 (mm): 435mm<\/p>\n","protected":false},"featured_media":0,"comment_status":"closed","ping_status":"open","template":"","meta":{"_acf_changed":false},"marka":[20551],"model":[31280,33400,31281,31282,33401,31283,33402,33403,33404],"referans-numarasi":[33405,33406,33407,33408,33409,26856],"uretici":[61855],"product_brand":[],"product_cat":[23433],"product_tag":[],"class_list":{"0":"post-46528","1":"product","2":"type-product","3":"status-publish","5":"marka-egerot-de","6":"model-fh-de","7":"model-fh-ii-de","8":"model-fh12-de","9":"model-fh16-de","10":"model-fh16-ii-de","11":"model-fm-de","12":"model-fm-12-de","13":"model-fmx-de","14":"model-fmx-ii-de","15":"referans-numarasi-21119046-de","16":"referans-numarasi-21119050-de","17":"referans-numarasi-21119064-de","18":"referans-numarasi-21182236-de","19":"referans-numarasi-21182237-de","20":"referans-numarasi-21287061-de","21":"uretici-null","22":"product_cat-stabilisator","24":"first","25":"instock","26":"product-type-simple"},"acf":[],"_links":{"self":[{"href":"https:\/\/egerot.com\/de\/wp-json\/wp\/v2\/product\/46528","targetHints":{"allow":["GET"]}}],"collection":[{"href":"https:\/\/egerot.com\/de\/wp-json\/wp\/v2\/product"}],"about":[{"href":"https:\/\/egerot.com\/de\/wp-json\/wp\/v2\/types\/product"}],"replies":[{"embeddable":true,"href":"https:\/\/egerot.com\/de\/wp-json\/wp\/v2\/comments?post=46528"}],"wp:attachment":[{"href":"https:\/\/egerot.com\/de\/wp-json\/wp\/v2\/media?parent=46528"}],"wp:term":[{"taxonomy":"marka","embeddable":true,"href":"https:\/\/egerot.com\/de\/wp-json\/wp\/v2\/marka?post=46528"},{"taxonomy":"model","embeddable":true,"href":"https:\/\/egerot.com\/de\/wp-json\/wp\/v2\/model?post=46528"},{"taxonomy":"referans-numarasi","embeddable":true,"href":"https:\/\/egerot.com\/de\/wp-json\/wp\/v2\/referans-numarasi?post=46528"},{"taxonomy":"uretici","embeddable":true,"href":"https:\/\/egerot.com\/de\/wp-json\/wp\/v2\/uretici?post=46528"},{"taxonomy":"product_brand","embeddable":true,"href":"https:\/\/egerot.com\/de\/wp-json\/wp\/v2\/product_brand?post=46528"},{"taxonomy":"product_cat","embeddable":true,"href":"https:\/\/egerot.com\/de\/wp-json\/wp\/v2\/product_cat?post=46528"},{"taxonomy":"product_tag","embeddable":true,"href":"https:\/\/egerot.com\/de\/wp-json\/wp\/v2\/product_tag?post=46528"}],"curies":[{"name":"wp","href":"https:\/\/api.w.org\/{rel}","templated":true}]}}