{"id":15931,"date":"2024-08-13T11:30:10","date_gmt":"2024-08-13T11:30:10","guid":{"rendered":"https:\/\/egerot.com\/desarrollo-de-productos\/"},"modified":"2024-11-04T11:06:54","modified_gmt":"2024-11-04T11:06:54","slug":"desarrollo-de-productos","status":"publish","type":"page","link":"https:\/\/egerot.com\/es\/desarrollo-de-productos\/","title":{"rendered":"Desarrollo de productos"},"content":{"rendered":"\t\t<div data-elementor-type=\"wp-page\" data-elementor-id=\"15931\" class=\"elementor elementor-15931 elementor-312\" data-elementor-post-type=\"page\">\n\t\t\t\t<div class=\"elementor-element elementor-element-076b4ee e-flex e-con-boxed e-con e-parent\" data-id=\"076b4ee\" data-element_type=\"container\" data-e-type=\"container\" data-settings=\"{&quot;background_background&quot;:&quot;classic&quot;}\">\n\t\t\t\t\t<div class=\"e-con-inner\">\n\t\t\t\t<div class=\"elementor-element elementor-element-ba7402d elementor-widget__width-inherit elementor-widget elementor-widget-heading\" data-id=\"ba7402d\" data-element_type=\"widget\" data-e-type=\"widget\" data-widget_type=\"heading.default\">\n\t\t\t\t<div class=\"elementor-widget-container\">\n\t\t\t\t\t<h1 class=\"elementor-heading-title elementor-size-default\">DESARROLLO DE PRODUCTOS<\/h1>\t\t\t\t<\/div>\n\t\t\t\t<\/div>\n\t\t\t\t<div class=\"elementor-element elementor-element-b3913e1 elementor-align-center elementor-widget elementor-widget-lottie\" data-id=\"b3913e1\" data-element_type=\"widget\" data-e-type=\"widget\" data-settings=\"{&quot;source_json&quot;:{&quot;url&quot;:&quot;https:\\\/\\\/egerot.com\\\/wp-content\\\/uploads\\\/2024\\\/09\\\/scroll-down.json&quot;,&quot;id&quot;:7596,&quot;size&quot;:&quot;&quot;,&quot;alt&quot;:&quot;&quot;,&quot;source&quot;:&quot;library&quot;},&quot;link_to&quot;:&quot;custom&quot;,&quot;custom_link&quot;:{&quot;url&quot;:&quot;#continue&quot;,&quot;is_external&quot;:&quot;&quot;,&quot;nofollow&quot;:&quot;&quot;,&quot;custom_attributes&quot;:&quot;&quot;},&quot;loop&quot;:&quot;yes&quot;,&quot;renderer&quot;:&quot;canvas&quot;,&quot;source&quot;:&quot;media_file&quot;,&quot;caption_source&quot;:&quot;none&quot;,&quot;trigger&quot;:&quot;arriving_to_viewport&quot;,&quot;viewport&quot;:{&quot;unit&quot;:&quot;%&quot;,&quot;size&quot;:&quot;&quot;,&quot;sizes&quot;:{&quot;start&quot;:0,&quot;end&quot;:100}},&quot;play_speed&quot;:{&quot;unit&quot;:&quot;px&quot;,&quot;size&quot;:1,&quot;sizes&quot;:[]},&quot;start_point&quot;:{&quot;unit&quot;:&quot;%&quot;,&quot;size&quot;:0,&quot;sizes&quot;:[]},&quot;end_point&quot;:{&quot;unit&quot;:&quot;%&quot;,&quot;size&quot;:100,&quot;sizes&quot;:[]}}\" data-widget_type=\"lottie.default\">\n\t\t\t\t<div class=\"elementor-widget-container\">\n\t\t\t\t\t<a class=\"e-lottie__container__link\" href=\"#continue\"><div class=\"e-lottie__container\"><div class=\"e-lottie__animation\"><\/div><\/div><\/a>\t\t\t\t<\/div>\n\t\t\t\t<\/div>\n\t\t\t\t\t<\/div>\n\t\t\t\t<\/div>\n\t\t<div class=\"elementor-element elementor-element-7493084 e-flex e-con-boxed e-con e-parent\" data-id=\"7493084\" data-element_type=\"container\" data-e-type=\"container\" id=\"continue\">\n\t\t\t\t\t<div class=\"e-con-inner\">\n\t\t\t\t<div class=\"elementor-element elementor-element-9cc436c elementor-widget elementor-widget-heading\" data-id=\"9cc436c\" data-element_type=\"widget\" data-e-type=\"widget\" data-widget_type=\"heading.default\">\n\t\t\t\t<div class=\"elementor-widget-container\">\n\t\t\t\t\t<h2 class=\"elementor-heading-title elementor-size-default\">SIEMPRE <span>AL D\u00cdA<\/span><\/h2>\t\t\t\t<\/div>\n\t\t\t\t<\/div>\n\t\t<div class=\"elementor-element elementor-element-bbb6255 e-con-full e-flex e-con e-child\" data-id=\"bbb6255\" data-element_type=\"container\" data-e-type=\"container\">\n\t\t<div class=\"elementor-element elementor-element-7784ca4 e-con-full e-flex e-con e-child\" data-id=\"7784ca4\" data-element_type=\"container\" data-e-type=\"container\">\n\t\t\t\t<div class=\"elementor-element elementor-element-66ff0b3 elementor-widget elementor-widget-text-editor\" data-id=\"66ff0b3\" data-element_type=\"widget\" data-e-type=\"widget\" data-widget_type=\"text-editor.default\">\n\t\t\t\t<div class=\"elementor-widget-container\">\n\t\t\t\t\t\t\t\t\t<p><span style=\"font-weight: 400;\">Para \u00d6zteknik es prioritario mantener actualizada su cartera de productos siguiendo de cerca la din\u00e1mica siempre cambiante del parque automovil\u00edstico, las necesidades de los clientes y la evoluci\u00f3n del dise\u00f1o industrial en los mercados nacional e internacional. Estamos ampliando su actual gama de productos y desarrollando otros nuevos para responder a las demandas de los clientes de la forma m\u00e1s r\u00e1pida posible. El objetivo de la empresa es adaptarse a las condiciones cambiantes del mercado e integrarse en los desarrollos innovadores del sector en el menor tiempo posible.  <\/span><\/p>\n<p><span style=\"font-weight: 400;\">Adem\u00e1s, \u00d6zteknik no se limita a su propia gama de producci\u00f3n, sino que tambi\u00e9n fabrica meticulosamente piezas de sistemas complementarios de alto valor a\u00f1adido que se utilizan con estos productos. Las normas de calidad se cumplen meticulosamente en los procesos de producci\u00f3n y nunca se ignora un enfoque orientado a la satisfacci\u00f3n del cliente. Los procesos de control de calidad y pruebas se aplican en cada etapa, garantizando la fiabilidad y durabilidad de cada producto ofrecido al mercado.  <\/span><\/p>\n<p><span style=\"font-weight: 400;\">La importancia concedida a la satisfacci\u00f3n del cliente se combina con la dilatada experiencia de la empresa y se basa en el principio de responder a las expectativas del cliente de forma puntual y completa. Siguiendo desarrollos tecnol\u00f3gicos, estudios de I+D y procesos de dise\u00f1o innovadores, \u00d6zteknik aspira a una calidad superior en cada pieza que produce y ofrece soluciones innovadoras adecuadas a las necesidades del sector. <\/span><\/p>\n\t\t\t\t\t\t\t\t<\/div>\n\t\t\t\t<\/div>\n\t\t\t\t<\/div>\n\t\t\t\t<\/div>\n\t\t\t\t\t<\/div>\n\t\t\t\t<\/div>\n\t\t\t\t<\/div>\n\t\t","protected":false},"excerpt":{"rendered":"<p>DESARROLLO DE PRODUCTOS SIEMPRE AL D\u00cdA Para \u00d6zteknik es prioritario mantener actualizada su cartera de productos siguiendo de cerca la din\u00e1mica siempre cambiante del parque automovil\u00edstico, las necesidades de los clientes y la evoluci\u00f3n del dise\u00f1o industrial en los mercados nacional e internacional. Estamos ampliando su actual gama de productos y desarrollando otros nuevos para responder a las demandas de los clientes de la forma m\u00e1s r\u00e1pida posible. El objetivo de la empresa es adaptarse a las condiciones cambiantes del mercado e integrarse en los desarrollos innovadores del sector en el menor tiempo posible. Adem\u00e1s, \u00d6zteknik no se limita a su propia gama de producci\u00f3n, sino que tambi\u00e9n fabrica meticulosamente piezas de sistemas complementarios de alto valor a\u00f1adido que se utilizan con estos productos. Las normas de calidad se cumplen meticulosamente en los procesos de producci\u00f3n y nunca se ignora un enfoque orientado a la satisfacci\u00f3n del cliente. Los procesos de control de calidad y pruebas se aplican en cada etapa, garantizando la fiabilidad y durabilidad de cada producto ofrecido al mercado. La importancia concedida a la satisfacci\u00f3n del cliente se combina con la dilatada experiencia de la empresa y se basa en el principio de responder a las expectativas del cliente de forma puntual y completa. Siguiendo desarrollos tecnol\u00f3gicos, estudios de I+D y procesos de dise\u00f1o innovadores, \u00d6zteknik aspira a una calidad superior en cada pieza que produce y ofrece soluciones innovadoras adecuadas a las necesidades del sector.<\/p>\n","protected":false},"author":1,"featured_media":0,"parent":0,"menu_order":0,"comment_status":"closed","ping_status":"closed","template":"","meta":{"_acf_changed":false,"footnotes":""},"class_list":["post-15931","page","type-page","status-publish","hentry"],"acf":[],"_links":{"self":[{"href":"https:\/\/egerot.com\/es\/wp-json\/wp\/v2\/pages\/15931","targetHints":{"allow":["GET"]}}],"collection":[{"href":"https:\/\/egerot.com\/es\/wp-json\/wp\/v2\/pages"}],"about":[{"href":"https:\/\/egerot.com\/es\/wp-json\/wp\/v2\/types\/page"}],"author":[{"embeddable":true,"href":"https:\/\/egerot.com\/es\/wp-json\/wp\/v2\/users\/1"}],"replies":[{"embeddable":true,"href":"https:\/\/egerot.com\/es\/wp-json\/wp\/v2\/comments?post=15931"}],"version-history":[{"count":1,"href":"https:\/\/egerot.com\/es\/wp-json\/wp\/v2\/pages\/15931\/revisions"}],"predecessor-version":[{"id":15933,"href":"https:\/\/egerot.com\/es\/wp-json\/wp\/v2\/pages\/15931\/revisions\/15933"}],"wp:attachment":[{"href":"https:\/\/egerot.com\/es\/wp-json\/wp\/v2\/media?parent=15931"}],"curies":[{"name":"wp","href":"https:\/\/api.w.org\/{rel}","templated":true}]}}