{"id":44311,"date":"2025-03-10T06:05:39","date_gmt":"2025-03-10T06:05:39","guid":{"rendered":"https:\/\/egerot.com\/product\/er2318\/"},"modified":"2025-03-10T06:05:39","modified_gmt":"2025-03-10T06:05:39","slug":"er2318","status":"publish","type":"product","link":"https:\/\/egerot.com\/es\/product\/er2318\/","title":{"rendered":"ER2318"},"content":{"rendered":"<p><strong>Di\u00e1metro de rosca: \u00d8 : <\/strong> \u00d895 <\/p>\n<p><strong>Agujero: \u00d8 : <\/strong> \u00d821 <\/p>\n<p><strong>Agujero:  ekseni (mm): : <\/strong> 152 <\/p>\n<p><strong>Grosor:  (mm): : <\/strong> 35 <\/p>\n","protected":false},"excerpt":{"rendered":"<p>\u00d8 : \u00d895 \u00d8 : \u00d821 ekseni (mm): : 152 (mm): : 35<\/p>\n","protected":false},"featured_media":0,"comment_status":"closed","ping_status":"open","template":"","meta":{"_acf_changed":false},"marka":[20557],"model":[27600],"referans-numarasi":[27601],"uretici":[62050],"product_brand":[],"product_cat":[27585],"product_tag":[],"class_list":{"0":"post-44311","1":"product","2":"type-product","3":"status-publish","5":"marka-egerot-es","6":"model-er2100-ile-ayni-delik-capi-21mm-rostar-no-180-6755-es","7":"referans-numarasi-2983125-es","8":"uretici-null-es","9":"product_cat-kit-de-reparacion","11":"first","12":"instock","13":"product-type-simple"},"acf":[],"_links":{"self":[{"href":"https:\/\/egerot.com\/es\/wp-json\/wp\/v2\/product\/44311","targetHints":{"allow":["GET"]}}],"collection":[{"href":"https:\/\/egerot.com\/es\/wp-json\/wp\/v2\/product"}],"about":[{"href":"https:\/\/egerot.com\/es\/wp-json\/wp\/v2\/types\/product"}],"replies":[{"embeddable":true,"href":"https:\/\/egerot.com\/es\/wp-json\/wp\/v2\/comments?post=44311"}],"wp:attachment":[{"href":"https:\/\/egerot.com\/es\/wp-json\/wp\/v2\/media?parent=44311"}],"wp:term":[{"taxonomy":"marka","embeddable":true,"href":"https:\/\/egerot.com\/es\/wp-json\/wp\/v2\/marka?post=44311"},{"taxonomy":"model","embeddable":true,"href":"https:\/\/egerot.com\/es\/wp-json\/wp\/v2\/model?post=44311"},{"taxonomy":"referans-numarasi","embeddable":true,"href":"https:\/\/egerot.com\/es\/wp-json\/wp\/v2\/referans-numarasi?post=44311"},{"taxonomy":"uretici","embeddable":true,"href":"https:\/\/egerot.com\/es\/wp-json\/wp\/v2\/uretici?post=44311"},{"taxonomy":"product_brand","embeddable":true,"href":"https:\/\/egerot.com\/es\/wp-json\/wp\/v2\/product_brand?post=44311"},{"taxonomy":"product_cat","embeddable":true,"href":"https:\/\/egerot.com\/es\/wp-json\/wp\/v2\/product_cat?post=44311"},{"taxonomy":"product_tag","embeddable":true,"href":"https:\/\/egerot.com\/es\/wp-json\/wp\/v2\/product_tag?post=44311"}],"curies":[{"name":"wp","href":"https:\/\/api.w.org\/{rel}","templated":true}]}}