{"id":44391,"date":"2025-03-10T06:04:55","date_gmt":"2025-03-10T06:04:55","guid":{"rendered":"https:\/\/egerot.com\/product\/er2291\/"},"modified":"2025-03-10T06:04:55","modified_gmt":"2025-03-10T06:04:55","slug":"er2291","status":"publish","type":"product","link":"https:\/\/egerot.com\/es\/product\/er2291\/","title":{"rendered":"ER2291"},"content":{"rendered":"<p><strong>Di\u00e1metro de rosca: \u00d8 : <\/strong> \u00d889 <\/p>\n<p><strong>Agujero: \u00d8 : <\/strong> 19\/22 <\/p>\n<p><strong>Agujero:  ekseni (mm): : <\/strong> 130 <\/p>\n<p><strong>Grosor:  (mm): : <\/strong> 24 <\/p>\n","protected":false},"excerpt":{"rendered":"<p>\u00d8 : \u00d889 \u00d8 : 19\/22 ekseni (mm): : 130 (mm): : 24<\/p>\n","protected":false},"featured_media":0,"comment_status":"closed","ping_status":"open","template":"","meta":{"_acf_changed":false},"marka":[20557],"model":[62049],"referans-numarasi":[27710],"uretici":[62050],"product_brand":[],"product_cat":[27585],"product_tag":[],"class_list":{"0":"post-44391","1":"product","2":"type-product","3":"status-publish","5":"marka-egerot-es","6":"model-null-es","7":"referans-numarasi-6283300807-es","8":"uretici-null-es","9":"product_cat-kit-de-reparacion","11":"first","12":"instock","13":"product-type-simple"},"acf":[],"_links":{"self":[{"href":"https:\/\/egerot.com\/es\/wp-json\/wp\/v2\/product\/44391","targetHints":{"allow":["GET"]}}],"collection":[{"href":"https:\/\/egerot.com\/es\/wp-json\/wp\/v2\/product"}],"about":[{"href":"https:\/\/egerot.com\/es\/wp-json\/wp\/v2\/types\/product"}],"replies":[{"embeddable":true,"href":"https:\/\/egerot.com\/es\/wp-json\/wp\/v2\/comments?post=44391"}],"wp:attachment":[{"href":"https:\/\/egerot.com\/es\/wp-json\/wp\/v2\/media?parent=44391"}],"wp:term":[{"taxonomy":"marka","embeddable":true,"href":"https:\/\/egerot.com\/es\/wp-json\/wp\/v2\/marka?post=44391"},{"taxonomy":"model","embeddable":true,"href":"https:\/\/egerot.com\/es\/wp-json\/wp\/v2\/model?post=44391"},{"taxonomy":"referans-numarasi","embeddable":true,"href":"https:\/\/egerot.com\/es\/wp-json\/wp\/v2\/referans-numarasi?post=44391"},{"taxonomy":"uretici","embeddable":true,"href":"https:\/\/egerot.com\/es\/wp-json\/wp\/v2\/uretici?post=44391"},{"taxonomy":"product_brand","embeddable":true,"href":"https:\/\/egerot.com\/es\/wp-json\/wp\/v2\/product_brand?post=44391"},{"taxonomy":"product_cat","embeddable":true,"href":"https:\/\/egerot.com\/es\/wp-json\/wp\/v2\/product_cat?post=44391"},{"taxonomy":"product_tag","embeddable":true,"href":"https:\/\/egerot.com\/es\/wp-json\/wp\/v2\/product_tag?post=44391"}],"curies":[{"name":"wp","href":"https:\/\/api.w.org\/{rel}","templated":true}]}}