{"id":44431,"date":"2025-03-10T06:04:19","date_gmt":"2025-03-10T06:04:19","guid":{"rendered":"https:\/\/egerot.com\/product\/er2269\/"},"modified":"2025-03-10T06:04:19","modified_gmt":"2025-03-10T06:04:19","slug":"er2269","status":"publish","type":"product","link":"https:\/\/egerot.com\/es\/product\/er2269\/","title":{"rendered":"ER2269"},"content":{"rendered":"<p><strong>Di\u00e1metro de rosca: \u00d8 : <\/strong> \u00d891.3 <\/p>\n<p><strong>Agujero: \u00d8 : <\/strong> \u00d814 <\/p>\n<p><strong>Agujero:  ekseni (mm): : <\/strong> 125 <\/p>\n<p><strong>Grosor:  (mm): : <\/strong> 20 <\/p>\n","protected":false},"excerpt":{"rendered":"<p>\u00d8 : \u00d891.3 \u00d8 : \u00d814 ekseni (mm): : 125 (mm): : 20<\/p>\n","protected":false},"featured_media":0,"comment_status":"closed","ping_status":"open","template":"","meta":{"_acf_changed":false},"marka":[20557],"model":[27806],"referans-numarasi":[27807,27808],"uretici":[62050],"product_brand":[],"product_cat":[27585],"product_tag":[],"class_list":{"0":"post-44431","1":"product","2":"type-product","3":"status-publish","5":"marka-egerot-es","6":"model-b9-b10-b12-f10-f12-f16-fh12-fh16-fl7-fl10-fl12-fm7-fm10-fm12-nl10-es","7":"referans-numarasi-1135488-es","8":"referans-numarasi-1598588-es","9":"uretici-null-es","10":"product_cat-kit-de-reparacion","12":"first","13":"instock","14":"product-type-simple"},"acf":[],"_links":{"self":[{"href":"https:\/\/egerot.com\/es\/wp-json\/wp\/v2\/product\/44431","targetHints":{"allow":["GET"]}}],"collection":[{"href":"https:\/\/egerot.com\/es\/wp-json\/wp\/v2\/product"}],"about":[{"href":"https:\/\/egerot.com\/es\/wp-json\/wp\/v2\/types\/product"}],"replies":[{"embeddable":true,"href":"https:\/\/egerot.com\/es\/wp-json\/wp\/v2\/comments?post=44431"}],"wp:attachment":[{"href":"https:\/\/egerot.com\/es\/wp-json\/wp\/v2\/media?parent=44431"}],"wp:term":[{"taxonomy":"marka","embeddable":true,"href":"https:\/\/egerot.com\/es\/wp-json\/wp\/v2\/marka?post=44431"},{"taxonomy":"model","embeddable":true,"href":"https:\/\/egerot.com\/es\/wp-json\/wp\/v2\/model?post=44431"},{"taxonomy":"referans-numarasi","embeddable":true,"href":"https:\/\/egerot.com\/es\/wp-json\/wp\/v2\/referans-numarasi?post=44431"},{"taxonomy":"uretici","embeddable":true,"href":"https:\/\/egerot.com\/es\/wp-json\/wp\/v2\/uretici?post=44431"},{"taxonomy":"product_brand","embeddable":true,"href":"https:\/\/egerot.com\/es\/wp-json\/wp\/v2\/product_brand?post=44431"},{"taxonomy":"product_cat","embeddable":true,"href":"https:\/\/egerot.com\/es\/wp-json\/wp\/v2\/product_cat?post=44431"},{"taxonomy":"product_tag","embeddable":true,"href":"https:\/\/egerot.com\/es\/wp-json\/wp\/v2\/product_tag?post=44431"}],"curies":[{"name":"wp","href":"https:\/\/api.w.org\/{rel}","templated":true}]}}