{"id":44856,"date":"2025-03-10T06:00:06","date_gmt":"2025-03-10T06:00:06","guid":{"rendered":"https:\/\/egerot.com\/product\/er2100\/"},"modified":"2025-03-10T06:00:06","modified_gmt":"2025-03-10T06:00:06","slug":"er2100","status":"publish","type":"product","link":"https:\/\/egerot.com\/es\/product\/er2100\/","title":{"rendered":"ER2100"},"content":{"rendered":"<p><strong>Di\u00e1metro de rosca: \u00d8 : <\/strong> \u00d895 <\/p>\n<p><strong>Agujero: \u00d8 : <\/strong> \u00d823 <\/p>\n<p><strong>Agujero:  ekseni (mm): : <\/strong> 152 <\/p>\n<p><strong>Grosor:  (mm): : <\/strong> 35 <\/p>\n","protected":false},"excerpt":{"rendered":"<p>\u00d8 : \u00d895 \u00d8 : \u00d823 ekseni (mm): : 152 (mm): : 35<\/p>\n","protected":false},"featured_media":0,"comment_status":"closed","ping_status":"open","template":"","meta":{"_acf_changed":false},"marka":[20557],"model":[29060,19829],"referans-numarasi":[29061,29062,29063,29064,29065],"uretici":[62050],"product_brand":[],"product_cat":[27585],"product_tag":[],"class_list":{"0":"post-44856","1":"product","2":"type-product","3":"status-publish","5":"marka-egerot-es","6":"model-f-12-fh-16-fl-10-fl-12-es","7":"model-fh16-euro-6-650-700-750-es","8":"referans-numarasi-0696321-es","9":"referans-numarasi-1104336-es","10":"referans-numarasi-274056-es","11":"referans-numarasi-6889513-es","12":"referans-numarasi-696321-es","13":"uretici-null-es","14":"product_cat-kit-de-reparacion","16":"first","17":"instock","18":"product-type-simple"},"acf":[],"_links":{"self":[{"href":"https:\/\/egerot.com\/es\/wp-json\/wp\/v2\/product\/44856","targetHints":{"allow":["GET"]}}],"collection":[{"href":"https:\/\/egerot.com\/es\/wp-json\/wp\/v2\/product"}],"about":[{"href":"https:\/\/egerot.com\/es\/wp-json\/wp\/v2\/types\/product"}],"replies":[{"embeddable":true,"href":"https:\/\/egerot.com\/es\/wp-json\/wp\/v2\/comments?post=44856"}],"wp:attachment":[{"href":"https:\/\/egerot.com\/es\/wp-json\/wp\/v2\/media?parent=44856"}],"wp:term":[{"taxonomy":"marka","embeddable":true,"href":"https:\/\/egerot.com\/es\/wp-json\/wp\/v2\/marka?post=44856"},{"taxonomy":"model","embeddable":true,"href":"https:\/\/egerot.com\/es\/wp-json\/wp\/v2\/model?post=44856"},{"taxonomy":"referans-numarasi","embeddable":true,"href":"https:\/\/egerot.com\/es\/wp-json\/wp\/v2\/referans-numarasi?post=44856"},{"taxonomy":"uretici","embeddable":true,"href":"https:\/\/egerot.com\/es\/wp-json\/wp\/v2\/uretici?post=44856"},{"taxonomy":"product_brand","embeddable":true,"href":"https:\/\/egerot.com\/es\/wp-json\/wp\/v2\/product_brand?post=44856"},{"taxonomy":"product_cat","embeddable":true,"href":"https:\/\/egerot.com\/es\/wp-json\/wp\/v2\/product_cat?post=44856"},{"taxonomy":"product_tag","embeddable":true,"href":"https:\/\/egerot.com\/es\/wp-json\/wp\/v2\/product_tag?post=44856"}],"curies":[{"name":"wp","href":"https:\/\/api.w.org\/{rel}","templated":true}]}}