{"id":45721,"date":"2025-03-10T05:52:13","date_gmt":"2025-03-10T05:52:13","guid":{"rendered":"https:\/\/egerot.com\/product\/er1814\/"},"modified":"2025-03-10T05:52:13","modified_gmt":"2025-03-10T05:52:13","slug":"er1814","status":"publish","type":"product","link":"https:\/\/egerot.com\/es\/product\/er1814\/","title":{"rendered":"ER1814"},"content":{"rendered":"<p><strong>Tubo:  \u00d8: <\/strong> \u00d862 <\/p>\n<p><strong>Cono:  \u00d8S\/\u00d8B (mm): <\/strong> \u00d824,2&#215;62 <\/p>\n<p><strong>Longitud:  (mm): <\/strong> 1815mm <\/p>\n","protected":false},"excerpt":{"rendered":"<p>\u00d8: \u00d862 \u00d8S\/\u00d8B (mm): \u00d824,2&#215;62 (mm): 1815mm<\/p>\n","protected":false},"featured_media":0,"comment_status":"closed","ping_status":"open","template":"","meta":{"_acf_changed":false},"marka":[20557],"model":[31274],"referans-numarasi":[31275,31276],"uretici":[62050],"product_brand":[],"product_cat":[23439],"product_tag":[],"class_list":{"0":"post-45721","1":"product","2":"type-product","3":"status-publish","5":"marka-egerot-es","6":"model-axor-2-2636-2640-2643-3236-3240-3243-es","7":"referans-numarasi-3753220123-es","8":"referans-numarasi-3753220523-es","9":"uretici-null-es","10":"product_cat-estabilizador","12":"first","13":"instock","14":"product-type-simple"},"acf":[],"_links":{"self":[{"href":"https:\/\/egerot.com\/es\/wp-json\/wp\/v2\/product\/45721","targetHints":{"allow":["GET"]}}],"collection":[{"href":"https:\/\/egerot.com\/es\/wp-json\/wp\/v2\/product"}],"about":[{"href":"https:\/\/egerot.com\/es\/wp-json\/wp\/v2\/types\/product"}],"replies":[{"embeddable":true,"href":"https:\/\/egerot.com\/es\/wp-json\/wp\/v2\/comments?post=45721"}],"wp:attachment":[{"href":"https:\/\/egerot.com\/es\/wp-json\/wp\/v2\/media?parent=45721"}],"wp:term":[{"taxonomy":"marka","embeddable":true,"href":"https:\/\/egerot.com\/es\/wp-json\/wp\/v2\/marka?post=45721"},{"taxonomy":"model","embeddable":true,"href":"https:\/\/egerot.com\/es\/wp-json\/wp\/v2\/model?post=45721"},{"taxonomy":"referans-numarasi","embeddable":true,"href":"https:\/\/egerot.com\/es\/wp-json\/wp\/v2\/referans-numarasi?post=45721"},{"taxonomy":"uretici","embeddable":true,"href":"https:\/\/egerot.com\/es\/wp-json\/wp\/v2\/uretici?post=45721"},{"taxonomy":"product_brand","embeddable":true,"href":"https:\/\/egerot.com\/es\/wp-json\/wp\/v2\/product_brand?post=45721"},{"taxonomy":"product_cat","embeddable":true,"href":"https:\/\/egerot.com\/es\/wp-json\/wp\/v2\/product_cat?post=45721"},{"taxonomy":"product_tag","embeddable":true,"href":"https:\/\/egerot.com\/es\/wp-json\/wp\/v2\/product_tag?post=45721"}],"curies":[{"name":"wp","href":"https:\/\/api.w.org\/{rel}","templated":true}]}}