{"id":47256,"date":"2025-03-10T05:37:43","date_gmt":"2025-03-10T05:37:43","guid":{"rendered":"https:\/\/egerot.com\/product\/er1330\/"},"modified":"2025-03-10T05:37:43","modified_gmt":"2025-03-10T05:37:43","slug":"er1330","status":"publish","type":"product","link":"https:\/\/egerot.com\/es\/product\/er1330\/","title":{"rendered":"ER1330"},"content":{"rendered":"<p><strong>Tubo:  \u00d8: <\/strong> \u00d826 <\/p>\n<p><strong>Cono:  \u00d8S\/\u00d8B (mm): <\/strong> 23,93\/28,6 <\/p>\n<p><strong>Longitud:  (mm): <\/strong> 150mm <\/p>\n","protected":false},"excerpt":{"rendered":"<p>\u00d8: \u00d826 \u00d8S\/\u00d8B (mm): 23,93\/28,6 (mm): 150mm<\/p>\n","protected":false},"featured_media":0,"comment_status":"closed","ping_status":"open","template":"","meta":{"_acf_changed":false},"marka":[20557],"model":[35212],"referans-numarasi":[35213],"uretici":[62050],"product_brand":[],"product_cat":[23439],"product_tag":[],"class_list":{"0":"post-47256","1":"product","2":"type-product","3":"status-publish","5":"marka-egerot-es","6":"model-irizar-pb14-pb14-6-pb16-b6-b9-b12-7350-8700-es","7":"referans-numarasi-9521922-es","8":"uretici-null-es","9":"product_cat-estabilizador","11":"first","12":"instock","13":"product-type-simple"},"acf":[],"_links":{"self":[{"href":"https:\/\/egerot.com\/es\/wp-json\/wp\/v2\/product\/47256","targetHints":{"allow":["GET"]}}],"collection":[{"href":"https:\/\/egerot.com\/es\/wp-json\/wp\/v2\/product"}],"about":[{"href":"https:\/\/egerot.com\/es\/wp-json\/wp\/v2\/types\/product"}],"replies":[{"embeddable":true,"href":"https:\/\/egerot.com\/es\/wp-json\/wp\/v2\/comments?post=47256"}],"wp:attachment":[{"href":"https:\/\/egerot.com\/es\/wp-json\/wp\/v2\/media?parent=47256"}],"wp:term":[{"taxonomy":"marka","embeddable":true,"href":"https:\/\/egerot.com\/es\/wp-json\/wp\/v2\/marka?post=47256"},{"taxonomy":"model","embeddable":true,"href":"https:\/\/egerot.com\/es\/wp-json\/wp\/v2\/model?post=47256"},{"taxonomy":"referans-numarasi","embeddable":true,"href":"https:\/\/egerot.com\/es\/wp-json\/wp\/v2\/referans-numarasi?post=47256"},{"taxonomy":"uretici","embeddable":true,"href":"https:\/\/egerot.com\/es\/wp-json\/wp\/v2\/uretici?post=47256"},{"taxonomy":"product_brand","embeddable":true,"href":"https:\/\/egerot.com\/es\/wp-json\/wp\/v2\/product_brand?post=47256"},{"taxonomy":"product_cat","embeddable":true,"href":"https:\/\/egerot.com\/es\/wp-json\/wp\/v2\/product_cat?post=47256"},{"taxonomy":"product_tag","embeddable":true,"href":"https:\/\/egerot.com\/es\/wp-json\/wp\/v2\/product_tag?post=47256"}],"curies":[{"name":"wp","href":"https:\/\/api.w.org\/{rel}","templated":true}]}}