{"id":47271,"date":"2025-03-10T05:37:43","date_gmt":"2025-03-10T05:37:43","guid":{"rendered":"https:\/\/egerot.com\/product\/er1333\/"},"modified":"2025-03-10T05:37:43","modified_gmt":"2025-03-10T05:37:43","slug":"er1333","status":"publish","type":"product","link":"https:\/\/egerot.com\/es\/product\/er1333\/","title":{"rendered":"ER1333"},"content":{"rendered":"<p><strong>Tubo:  \u00d8: <\/strong> \u00d830 <\/p>\n<p><strong>Cono:  \u00d8S\/\u00d8B (mm): <\/strong> 23,5\/26 <\/p>\n<p><strong>Longitud:  (mm): <\/strong> 100mm <\/p>\n","protected":false},"excerpt":{"rendered":"<p>\u00d8: \u00d830 \u00d8S\/\u00d8B (mm): 23,5\/26 (mm): 100mm<\/p>\n","protected":false},"featured_media":0,"comment_status":"closed","ping_status":"open","template":"","meta":{"_acf_changed":false},"marka":[20557],"model":[35172,26388,35173,32274],"referans-numarasi":[35174,35175,35176,35177],"uretici":[62050],"product_brand":[],"product_cat":[23439],"product_tag":[],"class_list":{"0":"post-47271","1":"product","2":"type-product","3":"status-publish","5":"marka-egerot-es","6":"model-cityclass-es","7":"model-k-es","8":"model-k-94-l-94-n-94-bus-f-es","9":"model-n-es","10":"referans-numarasi-1766014-es","11":"referans-numarasi-463245-es","12":"referans-numarasi-98484091-es","13":"referans-numarasi-98848013-es","14":"uretici-null-es","15":"product_cat-estabilizador","17":"first","18":"instock","19":"product-type-simple"},"acf":[],"_links":{"self":[{"href":"https:\/\/egerot.com\/es\/wp-json\/wp\/v2\/product\/47271","targetHints":{"allow":["GET"]}}],"collection":[{"href":"https:\/\/egerot.com\/es\/wp-json\/wp\/v2\/product"}],"about":[{"href":"https:\/\/egerot.com\/es\/wp-json\/wp\/v2\/types\/product"}],"replies":[{"embeddable":true,"href":"https:\/\/egerot.com\/es\/wp-json\/wp\/v2\/comments?post=47271"}],"wp:attachment":[{"href":"https:\/\/egerot.com\/es\/wp-json\/wp\/v2\/media?parent=47271"}],"wp:term":[{"taxonomy":"marka","embeddable":true,"href":"https:\/\/egerot.com\/es\/wp-json\/wp\/v2\/marka?post=47271"},{"taxonomy":"model","embeddable":true,"href":"https:\/\/egerot.com\/es\/wp-json\/wp\/v2\/model?post=47271"},{"taxonomy":"referans-numarasi","embeddable":true,"href":"https:\/\/egerot.com\/es\/wp-json\/wp\/v2\/referans-numarasi?post=47271"},{"taxonomy":"uretici","embeddable":true,"href":"https:\/\/egerot.com\/es\/wp-json\/wp\/v2\/uretici?post=47271"},{"taxonomy":"product_brand","embeddable":true,"href":"https:\/\/egerot.com\/es\/wp-json\/wp\/v2\/product_brand?post=47271"},{"taxonomy":"product_cat","embeddable":true,"href":"https:\/\/egerot.com\/es\/wp-json\/wp\/v2\/product_cat?post=47271"},{"taxonomy":"product_tag","embeddable":true,"href":"https:\/\/egerot.com\/es\/wp-json\/wp\/v2\/product_tag?post=47271"}],"curies":[{"name":"wp","href":"https:\/\/api.w.org\/{rel}","templated":true}]}}