{"id":47476,"date":"2025-03-10T05:35:46","date_gmt":"2025-03-10T05:35:46","guid":{"rendered":"https:\/\/egerot.com\/product\/er1288\/"},"modified":"2025-03-10T05:35:46","modified_gmt":"2025-03-10T05:35:46","slug":"er1288","status":"publish","type":"product","link":"https:\/\/egerot.com\/es\/product\/er1288\/","title":{"rendered":"ER1288"},"content":{"rendered":"<p><strong>Tubo:  \u00d8: <\/strong> \u00d836 <\/p>\n<p><strong>Cono:  \u00d8S\/\u00d8B (mm): <\/strong> 24,7\/28,6 <\/p>\n<p><strong>Longitud:  (mm): <\/strong> 435mm <\/p>\n","protected":false},"excerpt":{"rendered":"<p>\u00d8: \u00d836 \u00d8S\/\u00d8B (mm): 24,7\/28,6 (mm): 435mm<\/p>\n","protected":false},"featured_media":0,"comment_status":"closed","ping_status":"open","template":"","meta":{"_acf_changed":false},"marka":[20557],"model":[31292,31293,31294,24920,31295,31317,31318],"referans-numarasi":[31297,35602,26866],"uretici":[62050],"product_brand":[],"product_cat":[23439],"product_tag":[],"class_list":{"0":"post-47476","1":"product","2":"type-product","3":"status-publish","5":"marka-egerot-es","6":"model-fh-es","7":"model-fh12-es","8":"model-fh16-es","9":"model-fl6-es","10":"model-fm-es","11":"model-fm12-es","12":"model-fm9-es","13":"referans-numarasi-20443061-es","14":"referans-numarasi-20443065-es","15":"referans-numarasi-20994418-es","16":"uretici-null-es","17":"product_cat-estabilizador","19":"first","20":"instock","21":"product-type-simple"},"acf":[],"_links":{"self":[{"href":"https:\/\/egerot.com\/es\/wp-json\/wp\/v2\/product\/47476","targetHints":{"allow":["GET"]}}],"collection":[{"href":"https:\/\/egerot.com\/es\/wp-json\/wp\/v2\/product"}],"about":[{"href":"https:\/\/egerot.com\/es\/wp-json\/wp\/v2\/types\/product"}],"replies":[{"embeddable":true,"href":"https:\/\/egerot.com\/es\/wp-json\/wp\/v2\/comments?post=47476"}],"wp:attachment":[{"href":"https:\/\/egerot.com\/es\/wp-json\/wp\/v2\/media?parent=47476"}],"wp:term":[{"taxonomy":"marka","embeddable":true,"href":"https:\/\/egerot.com\/es\/wp-json\/wp\/v2\/marka?post=47476"},{"taxonomy":"model","embeddable":true,"href":"https:\/\/egerot.com\/es\/wp-json\/wp\/v2\/model?post=47476"},{"taxonomy":"referans-numarasi","embeddable":true,"href":"https:\/\/egerot.com\/es\/wp-json\/wp\/v2\/referans-numarasi?post=47476"},{"taxonomy":"uretici","embeddable":true,"href":"https:\/\/egerot.com\/es\/wp-json\/wp\/v2\/uretici?post=47476"},{"taxonomy":"product_brand","embeddable":true,"href":"https:\/\/egerot.com\/es\/wp-json\/wp\/v2\/product_brand?post=47476"},{"taxonomy":"product_cat","embeddable":true,"href":"https:\/\/egerot.com\/es\/wp-json\/wp\/v2\/product_cat?post=47476"},{"taxonomy":"product_tag","embeddable":true,"href":"https:\/\/egerot.com\/es\/wp-json\/wp\/v2\/product_tag?post=47476"}],"curies":[{"name":"wp","href":"https:\/\/api.w.org\/{rel}","templated":true}]}}