{"id":27384,"date":"2024-08-13T11:30:10","date_gmt":"2024-08-13T11:30:10","guid":{"rendered":"https:\/\/egerot.com\/sviluppo-del-prodotto\/"},"modified":"2025-01-31T06:35:25","modified_gmt":"2025-01-31T06:35:25","slug":"sviluppo-del-prodotto","status":"publish","type":"page","link":"https:\/\/egerot.com\/it\/sviluppo-del-prodotto\/","title":{"rendered":"Sviluppo del prodotto"},"content":{"rendered":"\t\t<div data-elementor-type=\"wp-page\" data-elementor-id=\"27384\" class=\"elementor elementor-27384 elementor-312\" data-elementor-post-type=\"page\">\n\t\t\t\t<div class=\"elementor-element elementor-element-076b4ee e-flex e-con-boxed e-con e-parent\" data-id=\"076b4ee\" data-element_type=\"container\" data-e-type=\"container\" data-settings=\"{&quot;background_background&quot;:&quot;classic&quot;}\">\n\t\t\t\t\t<div class=\"e-con-inner\">\n\t\t\t\t<div class=\"elementor-element elementor-element-ba7402d elementor-widget__width-inherit elementor-widget elementor-widget-heading\" data-id=\"ba7402d\" data-element_type=\"widget\" data-e-type=\"widget\" data-widget_type=\"heading.default\">\n\t\t\t\t<div class=\"elementor-widget-container\">\n\t\t\t\t\t<h1 class=\"elementor-heading-title elementor-size-default\">SVILUPPO DEL PRODOTTO<\/h1>\t\t\t\t<\/div>\n\t\t\t\t<\/div>\n\t\t\t\t<div class=\"elementor-element elementor-element-b3913e1 elementor-align-center elementor-widget elementor-widget-lottie\" data-id=\"b3913e1\" data-element_type=\"widget\" data-e-type=\"widget\" data-settings=\"{&quot;source_json&quot;:{&quot;url&quot;:&quot;https:\\\/\\\/egerot.com\\\/wp-content\\\/uploads\\\/2024\\\/09\\\/scroll-down.json&quot;,&quot;id&quot;:7596,&quot;size&quot;:&quot;&quot;,&quot;alt&quot;:&quot;&quot;,&quot;source&quot;:&quot;library&quot;},&quot;link_to&quot;:&quot;custom&quot;,&quot;custom_link&quot;:{&quot;url&quot;:&quot;#continue&quot;,&quot;is_external&quot;:&quot;&quot;,&quot;nofollow&quot;:&quot;&quot;,&quot;custom_attributes&quot;:&quot;&quot;},&quot;loop&quot;:&quot;yes&quot;,&quot;renderer&quot;:&quot;canvas&quot;,&quot;source&quot;:&quot;media_file&quot;,&quot;caption_source&quot;:&quot;none&quot;,&quot;trigger&quot;:&quot;arriving_to_viewport&quot;,&quot;viewport&quot;:{&quot;unit&quot;:&quot;%&quot;,&quot;size&quot;:&quot;&quot;,&quot;sizes&quot;:{&quot;start&quot;:0,&quot;end&quot;:100}},&quot;play_speed&quot;:{&quot;unit&quot;:&quot;px&quot;,&quot;size&quot;:1,&quot;sizes&quot;:[]},&quot;start_point&quot;:{&quot;unit&quot;:&quot;%&quot;,&quot;size&quot;:0,&quot;sizes&quot;:[]},&quot;end_point&quot;:{&quot;unit&quot;:&quot;%&quot;,&quot;size&quot;:100,&quot;sizes&quot;:[]}}\" data-widget_type=\"lottie.default\">\n\t\t\t\t<div class=\"elementor-widget-container\">\n\t\t\t\t\t<a class=\"e-lottie__container__link\" href=\"#continue\"><div class=\"e-lottie__container\"><div class=\"e-lottie__animation\"><\/div><\/div><\/a>\t\t\t\t<\/div>\n\t\t\t\t<\/div>\n\t\t\t\t\t<\/div>\n\t\t\t\t<\/div>\n\t\t<div class=\"elementor-element elementor-element-7493084 e-flex e-con-boxed e-con e-parent\" data-id=\"7493084\" data-element_type=\"container\" data-e-type=\"container\" id=\"continue\">\n\t\t\t\t\t<div class=\"e-con-inner\">\n\t\t\t\t<div class=\"elementor-element elementor-element-9cc436c elementor-widget elementor-widget-heading\" data-id=\"9cc436c\" data-element_type=\"widget\" data-e-type=\"widget\" data-widget_type=\"heading.default\">\n\t\t\t\t<div class=\"elementor-widget-container\">\n\t\t\t\t\t<h2 class=\"elementor-heading-title elementor-size-default\">SEMPRE <span>AGGIORNATO<\/span><\/h2>\t\t\t\t<\/div>\n\t\t\t\t<\/div>\n\t\t<div class=\"elementor-element elementor-element-bbb6255 e-con-full e-flex e-con e-child\" data-id=\"bbb6255\" data-element_type=\"container\" data-e-type=\"container\">\n\t\t<div class=\"elementor-element elementor-element-7784ca4 e-con-full e-flex e-con e-child\" data-id=\"7784ca4\" data-element_type=\"container\" data-e-type=\"container\">\n\t\t\t\t<div class=\"elementor-element elementor-element-66ff0b3 elementor-widget elementor-widget-text-editor\" data-id=\"66ff0b3\" data-element_type=\"widget\" data-e-type=\"widget\" data-widget_type=\"text-editor.default\">\n\t\t\t\t<div class=\"elementor-widget-container\">\n\t\t\t\t\t\t\t\t\t<p><span style=\"font-weight: 400;\">Per \u00d6zteknik \u00e8 prioritario mantenere aggiornato il proprio portafoglio prodotti seguendo da vicino le dinamiche in continua evoluzione del parco veicoli, le esigenze dei clienti e gli sviluppi del design industriale nei mercati nazionali e internazionali. Stiamo ampliando l&#8217;attuale gamma di prodotti e ne stiamo sviluppando di nuovi per rispondere alle richieste dei clienti nel modo pi\u00f9 rapido possibile. L&#8217;obiettivo dell&#8217;azienda \u00e8 quello di adattarsi alle mutevoli condizioni del mercato e di integrarsi con gli sviluppi innovativi del settore nel pi\u00f9 breve tempo possibile.  <\/span><\/p>\n<p><span style=\"font-weight: 400;\">Inoltre, \u00d6zteknik non si limita alla propria gamma di produzione, ma produce meticolosamente anche parti di sistemi complementari ad alto valore aggiunto utilizzati con questi prodotti. Gli standard di qualit\u00e0 vengono rispettati meticolosamente nei processi produttivi e l&#8217;approccio orientato alla soddisfazione del cliente non viene mai ignorato. I processi di controllo e collaudo della qualit\u00e0 vengono applicati in ogni fase, garantendo l&#8217;affidabilit\u00e0 e la durata di ogni prodotto offerto al mercato.  <\/span><\/p>\n<p><span style=\"font-weight: 400;\">L&#8217;importanza attribuita alla soddisfazione dei clienti si fonde con la lunga esperienza dell&#8217;azienda e si basa sul principio di rispondere alle aspettative dei clienti in modo tempestivo e completo. Seguendo gli sviluppi tecnologici, gli studi di ricerca e sviluppo e i processi di progettazione innovativi, \u00d6zteknik punta a una qualit\u00e0 superiore in ogni pezzo prodotto e offre soluzioni innovative adatte alle esigenze del settore. <\/span><\/p>\n\t\t\t\t\t\t\t\t<\/div>\n\t\t\t\t<\/div>\n\t\t\t\t<\/div>\n\t\t\t\t<\/div>\n\t\t\t\t\t<\/div>\n\t\t\t\t<\/div>\n\t\t\t\t<\/div>\n\t\t","protected":false},"excerpt":{"rendered":"<p>SVILUPPO DEL PRODOTTO SEMPRE AGGIORNATO Per \u00d6zteknik \u00e8 prioritario mantenere aggiornato il proprio portafoglio prodotti seguendo da vicino le dinamiche in continua evoluzione del parco veicoli, le esigenze dei clienti e gli sviluppi del design industriale nei mercati nazionali e internazionali. Stiamo ampliando l&#8217;attuale gamma di prodotti e ne stiamo sviluppando di nuovi per rispondere alle richieste dei clienti nel modo pi\u00f9 rapido possibile. L&#8217;obiettivo dell&#8217;azienda \u00e8 quello di adattarsi alle mutevoli condizioni del mercato e di integrarsi con gli sviluppi innovativi del settore nel pi\u00f9 breve tempo possibile. Inoltre, \u00d6zteknik non si limita alla propria gamma di produzione, ma produce meticolosamente anche parti di sistemi complementari ad alto valore aggiunto utilizzati con questi prodotti. Gli standard di qualit\u00e0 vengono rispettati meticolosamente nei processi produttivi e l&#8217;approccio orientato alla soddisfazione del cliente non viene mai ignorato. I processi di controllo e collaudo della qualit\u00e0 vengono applicati in ogni fase, garantendo l&#8217;affidabilit\u00e0 e la durata di ogni prodotto offerto al mercato. L&#8217;importanza attribuita alla soddisfazione dei clienti si fonde con la lunga esperienza dell&#8217;azienda e si basa sul principio di rispondere alle aspettative dei clienti in modo tempestivo e completo. Seguendo gli sviluppi tecnologici, gli studi di ricerca e sviluppo e i processi di progettazione innovativi, \u00d6zteknik punta a una qualit\u00e0 superiore in ogni pezzo prodotto e offre soluzioni innovative adatte alle esigenze del settore.<\/p>\n","protected":false},"author":1,"featured_media":0,"parent":0,"menu_order":0,"comment_status":"closed","ping_status":"closed","template":"","meta":{"_acf_changed":false,"footnotes":""},"class_list":["post-27384","page","type-page","status-publish","hentry"],"acf":[],"_links":{"self":[{"href":"https:\/\/egerot.com\/it\/wp-json\/wp\/v2\/pages\/27384","targetHints":{"allow":["GET"]}}],"collection":[{"href":"https:\/\/egerot.com\/it\/wp-json\/wp\/v2\/pages"}],"about":[{"href":"https:\/\/egerot.com\/it\/wp-json\/wp\/v2\/types\/page"}],"author":[{"embeddable":true,"href":"https:\/\/egerot.com\/it\/wp-json\/wp\/v2\/users\/1"}],"replies":[{"embeddable":true,"href":"https:\/\/egerot.com\/it\/wp-json\/wp\/v2\/comments?post=27384"}],"version-history":[{"count":1,"href":"https:\/\/egerot.com\/it\/wp-json\/wp\/v2\/pages\/27384\/revisions"}],"predecessor-version":[{"id":27389,"href":"https:\/\/egerot.com\/it\/wp-json\/wp\/v2\/pages\/27384\/revisions\/27389"}],"wp:attachment":[{"href":"https:\/\/egerot.com\/it\/wp-json\/wp\/v2\/media?parent=27384"}],"curies":[{"name":"wp","href":"https:\/\/api.w.org\/{rel}","templated":true}]}}