{"id":42979,"date":"2025-03-10T06:17:59","date_gmt":"2025-03-10T06:17:59","guid":{"rendered":"https:\/\/egerot.com\/product\/er3609\/"},"modified":"2025-03-10T06:17:59","modified_gmt":"2025-03-10T06:17:59","slug":"er3609","status":"publish","type":"product","link":"https:\/\/egerot.com\/it\/product\/er3609\/","title":{"rendered":"ER3609"},"content":{"rendered":"<p><strong>Tubo:  \u00d8: <\/strong> \u00d828 <\/p>\n<p><strong>Cono:  \u00d8S\/\u00d8B (mm): <\/strong> 23,93\/28,6 <\/p>\n<p><strong>Lunghezza:  (mm): <\/strong> 150mm <\/p>\n","protected":false},"excerpt":{"rendered":"<p>\u00d8: \u00d828 \u00d8S\/\u00d8B (mm): 23,93\/28,6 (mm): 150mm<\/p>\n","protected":false},"featured_media":0,"comment_status":"closed","ping_status":"open","template":"","meta":{"_acf_changed":false},"marka":[55090],"model":[55224],"referans-numarasi":[55225],"uretici":[62045],"product_brand":[],"product_cat":[55131],"product_tag":[],"class_list":{"0":"post-42979","1":"product","2":"type-product","3":"status-publish","5":"marka-egerot-it","6":"model-scania-irizar-bus-irizar-century-sunwin-jonckheere-bus-plaxton-bus-elite-volvo-b7-b9-b11-b12-b13-7700-8300-8700-9700-9900-it","7":"referans-numarasi-21952221-it","8":"uretici-null-it","9":"product_cat-stabilizzatore","11":"first","12":"instock","13":"product-type-simple"},"acf":[],"_links":{"self":[{"href":"https:\/\/egerot.com\/it\/wp-json\/wp\/v2\/product\/42979","targetHints":{"allow":["GET"]}}],"collection":[{"href":"https:\/\/egerot.com\/it\/wp-json\/wp\/v2\/product"}],"about":[{"href":"https:\/\/egerot.com\/it\/wp-json\/wp\/v2\/types\/product"}],"replies":[{"embeddable":true,"href":"https:\/\/egerot.com\/it\/wp-json\/wp\/v2\/comments?post=42979"}],"wp:attachment":[{"href":"https:\/\/egerot.com\/it\/wp-json\/wp\/v2\/media?parent=42979"}],"wp:term":[{"taxonomy":"marka","embeddable":true,"href":"https:\/\/egerot.com\/it\/wp-json\/wp\/v2\/marka?post=42979"},{"taxonomy":"model","embeddable":true,"href":"https:\/\/egerot.com\/it\/wp-json\/wp\/v2\/model?post=42979"},{"taxonomy":"referans-numarasi","embeddable":true,"href":"https:\/\/egerot.com\/it\/wp-json\/wp\/v2\/referans-numarasi?post=42979"},{"taxonomy":"uretici","embeddable":true,"href":"https:\/\/egerot.com\/it\/wp-json\/wp\/v2\/uretici?post=42979"},{"taxonomy":"product_brand","embeddable":true,"href":"https:\/\/egerot.com\/it\/wp-json\/wp\/v2\/product_brand?post=42979"},{"taxonomy":"product_cat","embeddable":true,"href":"https:\/\/egerot.com\/it\/wp-json\/wp\/v2\/product_cat?post=42979"},{"taxonomy":"product_tag","embeddable":true,"href":"https:\/\/egerot.com\/it\/wp-json\/wp\/v2\/product_tag?post=42979"}],"curies":[{"name":"wp","href":"https:\/\/api.w.org\/{rel}","templated":true}]}}