{"id":43979,"date":"2025-03-10T06:08:45","date_gmt":"2025-03-10T06:08:45","guid":{"rendered":"https:\/\/egerot.com\/product\/er3110\/"},"modified":"2025-03-10T06:08:45","modified_gmt":"2025-03-10T06:08:45","slug":"er3110","status":"publish","type":"product","link":"https:\/\/egerot.com\/it\/product\/er3110\/","title":{"rendered":"ER3110"},"content":{"rendered":"<p><strong>Tubo:  \u00d8: <\/strong> \u00d838 <\/p>\n<p><strong>Cono:  \u00d8S\/\u00d8B (mm): <\/strong> 28\/32 <\/p>\n<p><strong>Lunghezza:  (mm): <\/strong> 443mm <\/p>\n","protected":false},"excerpt":{"rendered":"<p>\u00d8: \u00d838 \u00d8S\/\u00d8B (mm): 28\/32 (mm): 443mm<\/p>\n","protected":false},"featured_media":0,"comment_status":"closed","ping_status":"open","template":"","meta":{"_acf_changed":false},"marka":[55090],"model":[55808],"referans-numarasi":[55809,55810],"uretici":[62045],"product_brand":[],"product_cat":[55131],"product_tag":[],"class_list":{"0":"post-43979","1":"product","2":"type-product","3":"status-publish","5":"marka-egerot-it","6":"model-fh-ii-fh16-ii-fm-fmx-fmx-ii-it","7":"referans-numarasi-21209705-it","8":"referans-numarasi-22318844-it","9":"uretici-null-it","10":"product_cat-stabilizzatore","12":"first","13":"instock","14":"product-type-simple"},"acf":[],"_links":{"self":[{"href":"https:\/\/egerot.com\/it\/wp-json\/wp\/v2\/product\/43979","targetHints":{"allow":["GET"]}}],"collection":[{"href":"https:\/\/egerot.com\/it\/wp-json\/wp\/v2\/product"}],"about":[{"href":"https:\/\/egerot.com\/it\/wp-json\/wp\/v2\/types\/product"}],"replies":[{"embeddable":true,"href":"https:\/\/egerot.com\/it\/wp-json\/wp\/v2\/comments?post=43979"}],"wp:attachment":[{"href":"https:\/\/egerot.com\/it\/wp-json\/wp\/v2\/media?parent=43979"}],"wp:term":[{"taxonomy":"marka","embeddable":true,"href":"https:\/\/egerot.com\/it\/wp-json\/wp\/v2\/marka?post=43979"},{"taxonomy":"model","embeddable":true,"href":"https:\/\/egerot.com\/it\/wp-json\/wp\/v2\/model?post=43979"},{"taxonomy":"referans-numarasi","embeddable":true,"href":"https:\/\/egerot.com\/it\/wp-json\/wp\/v2\/referans-numarasi?post=43979"},{"taxonomy":"uretici","embeddable":true,"href":"https:\/\/egerot.com\/it\/wp-json\/wp\/v2\/uretici?post=43979"},{"taxonomy":"product_brand","embeddable":true,"href":"https:\/\/egerot.com\/it\/wp-json\/wp\/v2\/product_brand?post=43979"},{"taxonomy":"product_cat","embeddable":true,"href":"https:\/\/egerot.com\/it\/wp-json\/wp\/v2\/product_cat?post=43979"},{"taxonomy":"product_tag","embeddable":true,"href":"https:\/\/egerot.com\/it\/wp-json\/wp\/v2\/product_tag?post=43979"}],"curies":[{"name":"wp","href":"https:\/\/api.w.org\/{rel}","templated":true}]}}