{"id":44199,"date":"2025-03-10T06:06:54","date_gmt":"2025-03-10T06:06:54","guid":{"rendered":"https:\/\/egerot.com\/product\/er3068\/"},"modified":"2025-03-10T06:06:54","modified_gmt":"2025-03-10T06:06:54","slug":"er3068","status":"publish","type":"product","link":"https:\/\/egerot.com\/it\/product\/er3068\/","title":{"rendered":"ER3068"},"content":{"rendered":"<p><strong>Tubo:  \u00d8: <\/strong> \u00d836 <\/p>\n<p><strong>Cono:  \u00d8S\/\u00d8B (mm): <\/strong> 23,5\/26 <\/p>\n<p><strong>Lunghezza:  (mm): <\/strong> 284mm <\/p>\n","protected":false},"excerpt":{"rendered":"<p>\u00d8: \u00d836 \u00d8S\/\u00d8B (mm): 23,5\/26 (mm): 284mm<\/p>\n","protected":false},"featured_media":0,"comment_status":"closed","ping_status":"open","template":"","meta":{"_acf_changed":false},"marka":[55090],"model":[55723,55724,55725],"referans-numarasi":[55903,55904,55905,55906],"uretici":[62045],"product_brand":[],"product_cat":[55131],"product_tag":[],"class_list":{"0":"post-44199","1":"product","2":"type-product","3":"status-publish","5":"marka-egerot-it","6":"model-k-it","7":"model-k94-l94-n94-114-124-bus-f-it","8":"model-n-irizar-pb-it","9":"referans-numarasi-1455327-it","10":"referans-numarasi-1751418-it","11":"referans-numarasi-1789082-it","12":"referans-numarasi-1928859-it","13":"uretici-null-it","14":"product_cat-stabilizzatore","16":"first","17":"instock","18":"product-type-simple"},"acf":[],"_links":{"self":[{"href":"https:\/\/egerot.com\/it\/wp-json\/wp\/v2\/product\/44199","targetHints":{"allow":["GET"]}}],"collection":[{"href":"https:\/\/egerot.com\/it\/wp-json\/wp\/v2\/product"}],"about":[{"href":"https:\/\/egerot.com\/it\/wp-json\/wp\/v2\/types\/product"}],"replies":[{"embeddable":true,"href":"https:\/\/egerot.com\/it\/wp-json\/wp\/v2\/comments?post=44199"}],"wp:attachment":[{"href":"https:\/\/egerot.com\/it\/wp-json\/wp\/v2\/media?parent=44199"}],"wp:term":[{"taxonomy":"marka","embeddable":true,"href":"https:\/\/egerot.com\/it\/wp-json\/wp\/v2\/marka?post=44199"},{"taxonomy":"model","embeddable":true,"href":"https:\/\/egerot.com\/it\/wp-json\/wp\/v2\/model?post=44199"},{"taxonomy":"referans-numarasi","embeddable":true,"href":"https:\/\/egerot.com\/it\/wp-json\/wp\/v2\/referans-numarasi?post=44199"},{"taxonomy":"uretici","embeddable":true,"href":"https:\/\/egerot.com\/it\/wp-json\/wp\/v2\/uretici?post=44199"},{"taxonomy":"product_brand","embeddable":true,"href":"https:\/\/egerot.com\/it\/wp-json\/wp\/v2\/product_brand?post=44199"},{"taxonomy":"product_cat","embeddable":true,"href":"https:\/\/egerot.com\/it\/wp-json\/wp\/v2\/product_cat?post=44199"},{"taxonomy":"product_tag","embeddable":true,"href":"https:\/\/egerot.com\/it\/wp-json\/wp\/v2\/product_tag?post=44199"}],"curies":[{"name":"wp","href":"https:\/\/api.w.org\/{rel}","templated":true}]}}