{"id":44369,"date":"2025-03-10T06:05:10","date_gmt":"2025-03-10T06:05:10","guid":{"rendered":"https:\/\/egerot.com\/product\/er2299\/"},"modified":"2025-03-10T06:05:10","modified_gmt":"2025-03-10T06:05:10","slug":"er2299","status":"publish","type":"product","link":"https:\/\/egerot.com\/it\/product\/er2299\/","title":{"rendered":"ER2299"},"content":{"rendered":"<p><strong>Diametro della filettatura: \u00d8 : <\/strong> \u00d8108 <\/p>\n<p><strong>Foro: \u00d8 : <\/strong> \u00d823 <\/p>\n<p><strong>Foro:  ekseni (mm): : <\/strong> 165 <\/p>\n<p><strong>Spessore:  (mm): : <\/strong> 30 <\/p>\n","protected":false},"excerpt":{"rendered":"<p>\u00d8 : \u00d8108 \u00d8 : \u00d823 ekseni (mm): : 165 (mm): : 30<\/p>\n","protected":false},"featured_media":0,"comment_status":"closed","ping_status":"open","template":"","meta":{"_acf_changed":false},"marka":[55090],"model":[56076,56077],"referans-numarasi":[56078,56079],"uretici":[62045],"product_brand":[],"product_cat":[56026],"product_tag":[],"class_list":{"0":"post-44369","1":"product","2":"type-product","3":"status-publish","5":"marka-egerot-it","6":"model-fh-16-ii-fm-fmx-fmx-ii-it","7":"model-kerax-370-26-410-26-450-26-it","8":"referans-numarasi-20864583-it","9":"referans-numarasi-7420864583-it","10":"uretici-null-it","11":"product_cat-kit-di-riparazione","13":"first","14":"instock","15":"product-type-simple"},"acf":[],"_links":{"self":[{"href":"https:\/\/egerot.com\/it\/wp-json\/wp\/v2\/product\/44369","targetHints":{"allow":["GET"]}}],"collection":[{"href":"https:\/\/egerot.com\/it\/wp-json\/wp\/v2\/product"}],"about":[{"href":"https:\/\/egerot.com\/it\/wp-json\/wp\/v2\/types\/product"}],"replies":[{"embeddable":true,"href":"https:\/\/egerot.com\/it\/wp-json\/wp\/v2\/comments?post=44369"}],"wp:attachment":[{"href":"https:\/\/egerot.com\/it\/wp-json\/wp\/v2\/media?parent=44369"}],"wp:term":[{"taxonomy":"marka","embeddable":true,"href":"https:\/\/egerot.com\/it\/wp-json\/wp\/v2\/marka?post=44369"},{"taxonomy":"model","embeddable":true,"href":"https:\/\/egerot.com\/it\/wp-json\/wp\/v2\/model?post=44369"},{"taxonomy":"referans-numarasi","embeddable":true,"href":"https:\/\/egerot.com\/it\/wp-json\/wp\/v2\/referans-numarasi?post=44369"},{"taxonomy":"uretici","embeddable":true,"href":"https:\/\/egerot.com\/it\/wp-json\/wp\/v2\/uretici?post=44369"},{"taxonomy":"product_brand","embeddable":true,"href":"https:\/\/egerot.com\/it\/wp-json\/wp\/v2\/product_brand?post=44369"},{"taxonomy":"product_cat","embeddable":true,"href":"https:\/\/egerot.com\/it\/wp-json\/wp\/v2\/product_cat?post=44369"},{"taxonomy":"product_tag","embeddable":true,"href":"https:\/\/egerot.com\/it\/wp-json\/wp\/v2\/product_tag?post=44369"}],"curies":[{"name":"wp","href":"https:\/\/api.w.org\/{rel}","templated":true}]}}