{"id":44394,"date":"2025-03-10T06:04:55","date_gmt":"2025-03-10T06:04:55","guid":{"rendered":"https:\/\/egerot.com\/product\/er2292\/"},"modified":"2025-03-10T06:04:55","modified_gmt":"2025-03-10T06:04:55","slug":"er2292","status":"publish","type":"product","link":"https:\/\/egerot.com\/it\/product\/er2292\/","title":{"rendered":"ER2292"},"content":{"rendered":"<p><strong>Diametro della filettatura: \u00d8 : <\/strong> \u00d867 <\/p>\n<p><strong>Spessore:  (mm): : <\/strong> \u00d825 <\/p>\n","protected":false},"excerpt":{"rendered":"<p>\u00d8 : \u00d867 (mm): : \u00d825<\/p>\n","protected":false},"featured_media":0,"comment_status":"closed","ping_status":"open","template":"","meta":{"_acf_changed":false},"marka":[55090],"model":[62037],"referans-numarasi":[56060,56061],"uretici":[62045],"product_brand":[],"product_cat":[56026],"product_tag":[],"class_list":{"0":"post-44394","1":"product","2":"type-product","3":"status-publish","5":"marka-egerot-it","6":"model-null-it","7":"referans-numarasi-1252283-it","8":"referans-numarasi-x6652950-it","9":"uretici-null-it","10":"product_cat-kit-di-riparazione","12":"first","13":"instock","14":"product-type-simple"},"acf":[],"_links":{"self":[{"href":"https:\/\/egerot.com\/it\/wp-json\/wp\/v2\/product\/44394","targetHints":{"allow":["GET"]}}],"collection":[{"href":"https:\/\/egerot.com\/it\/wp-json\/wp\/v2\/product"}],"about":[{"href":"https:\/\/egerot.com\/it\/wp-json\/wp\/v2\/types\/product"}],"replies":[{"embeddable":true,"href":"https:\/\/egerot.com\/it\/wp-json\/wp\/v2\/comments?post=44394"}],"wp:attachment":[{"href":"https:\/\/egerot.com\/it\/wp-json\/wp\/v2\/media?parent=44394"}],"wp:term":[{"taxonomy":"marka","embeddable":true,"href":"https:\/\/egerot.com\/it\/wp-json\/wp\/v2\/marka?post=44394"},{"taxonomy":"model","embeddable":true,"href":"https:\/\/egerot.com\/it\/wp-json\/wp\/v2\/model?post=44394"},{"taxonomy":"referans-numarasi","embeddable":true,"href":"https:\/\/egerot.com\/it\/wp-json\/wp\/v2\/referans-numarasi?post=44394"},{"taxonomy":"uretici","embeddable":true,"href":"https:\/\/egerot.com\/it\/wp-json\/wp\/v2\/uretici?post=44394"},{"taxonomy":"product_brand","embeddable":true,"href":"https:\/\/egerot.com\/it\/wp-json\/wp\/v2\/product_brand?post=44394"},{"taxonomy":"product_cat","embeddable":true,"href":"https:\/\/egerot.com\/it\/wp-json\/wp\/v2\/product_cat?post=44394"},{"taxonomy":"product_tag","embeddable":true,"href":"https:\/\/egerot.com\/it\/wp-json\/wp\/v2\/product_tag?post=44394"}],"curies":[{"name":"wp","href":"https:\/\/api.w.org\/{rel}","templated":true}]}}