{"id":44504,"date":"2025-03-10T06:03:36","date_gmt":"2025-03-10T06:03:36","guid":{"rendered":"https:\/\/egerot.com\/product\/er2231\/"},"modified":"2025-03-10T06:03:36","modified_gmt":"2025-03-10T06:03:36","slug":"er2231","status":"publish","type":"product","link":"https:\/\/egerot.com\/it\/product\/er2231\/","title":{"rendered":"ER2231"},"content":{"rendered":"<p><strong>Diametro della filettatura: \u00d8 : <\/strong> \u00d875 <\/p>\n<p><strong>Foro: \u00d8 : <\/strong> \u00d819 <\/p>\n<p><strong>Foro:  ekseni (mm): : <\/strong> 115 <\/p>\n<p><strong>Spessore:  (mm): : <\/strong> 24 <\/p>\n","protected":false},"excerpt":{"rendered":"<p>\u00d8 : \u00d875 \u00d8 : \u00d819 ekseni (mm): : 115 (mm): : 24<\/p>\n","protected":false},"featured_media":0,"comment_status":"closed","ping_status":"open","template":"","meta":{"_acf_changed":false},"marka":[55090],"model":[56150],"referans-numarasi":[56151,56152],"uretici":[62045],"product_brand":[],"product_cat":[56026],"product_tag":[],"class_list":{"0":"post-44504","1":"product","2":"type-product","3":"status-publish","5":"marka-egerot-it","6":"model-4-series-114-c-g-l-124c-g-l-144c-g-l-164c-g-l-94c-g-l-t114c-g-l-t124c-l-pgrt-series-it","7":"referans-numarasi-1722753-it","8":"referans-numarasi-2096392-it","9":"uretici-null-it","10":"product_cat-kit-di-riparazione","12":"first","13":"instock","14":"product-type-simple"},"acf":[],"_links":{"self":[{"href":"https:\/\/egerot.com\/it\/wp-json\/wp\/v2\/product\/44504","targetHints":{"allow":["GET"]}}],"collection":[{"href":"https:\/\/egerot.com\/it\/wp-json\/wp\/v2\/product"}],"about":[{"href":"https:\/\/egerot.com\/it\/wp-json\/wp\/v2\/types\/product"}],"replies":[{"embeddable":true,"href":"https:\/\/egerot.com\/it\/wp-json\/wp\/v2\/comments?post=44504"}],"wp:attachment":[{"href":"https:\/\/egerot.com\/it\/wp-json\/wp\/v2\/media?parent=44504"}],"wp:term":[{"taxonomy":"marka","embeddable":true,"href":"https:\/\/egerot.com\/it\/wp-json\/wp\/v2\/marka?post=44504"},{"taxonomy":"model","embeddable":true,"href":"https:\/\/egerot.com\/it\/wp-json\/wp\/v2\/model?post=44504"},{"taxonomy":"referans-numarasi","embeddable":true,"href":"https:\/\/egerot.com\/it\/wp-json\/wp\/v2\/referans-numarasi?post=44504"},{"taxonomy":"uretici","embeddable":true,"href":"https:\/\/egerot.com\/it\/wp-json\/wp\/v2\/uretici?post=44504"},{"taxonomy":"product_brand","embeddable":true,"href":"https:\/\/egerot.com\/it\/wp-json\/wp\/v2\/product_brand?post=44504"},{"taxonomy":"product_cat","embeddable":true,"href":"https:\/\/egerot.com\/it\/wp-json\/wp\/v2\/product_cat?post=44504"},{"taxonomy":"product_tag","embeddable":true,"href":"https:\/\/egerot.com\/it\/wp-json\/wp\/v2\/product_tag?post=44504"}],"curies":[{"name":"wp","href":"https:\/\/api.w.org\/{rel}","templated":true}]}}