{"id":45434,"date":"2025-03-10T05:54:42","date_gmt":"2025-03-10T05:54:42","guid":{"rendered":"https:\/\/egerot.com\/product\/er1901\/"},"modified":"2025-03-10T05:54:42","modified_gmt":"2025-03-10T05:54:42","slug":"er1901","status":"publish","type":"product","link":"https:\/\/egerot.com\/it\/product\/er1901\/","title":{"rendered":"ER1901"},"content":{"rendered":"<p><strong>Tubo:  \u00d8: <\/strong> \u00d830 <\/p>\n<p><strong>Cono:  \u00d8S\/\u00d8B (mm): <\/strong> 19,9\/22 <\/p>\n<p><strong>Lunghezza:  (mm): <\/strong> 150mm <\/p>\n","protected":false},"excerpt":{"rendered":"<p>\u00d8: \u00d830 \u00d8S\/\u00d8B (mm): 19,9\/22 (mm): 150mm<\/p>\n","protected":false},"featured_media":0,"comment_status":"closed","ping_status":"open","template":"","meta":{"_acf_changed":false},"marka":[55090],"model":[62037],"referans-numarasi":[56731],"uretici":[62045],"product_brand":[],"product_cat":[55131],"product_tag":[],"class_list":{"0":"post-45434","1":"product","2":"type-product","3":"status-publish","5":"marka-egerot-it","6":"model-null-it","7":"referans-numarasi-5000787609-it","8":"uretici-null-it","9":"product_cat-stabilizzatore","11":"first","12":"instock","13":"product-type-simple"},"acf":[],"_links":{"self":[{"href":"https:\/\/egerot.com\/it\/wp-json\/wp\/v2\/product\/45434","targetHints":{"allow":["GET"]}}],"collection":[{"href":"https:\/\/egerot.com\/it\/wp-json\/wp\/v2\/product"}],"about":[{"href":"https:\/\/egerot.com\/it\/wp-json\/wp\/v2\/types\/product"}],"replies":[{"embeddable":true,"href":"https:\/\/egerot.com\/it\/wp-json\/wp\/v2\/comments?post=45434"}],"wp:attachment":[{"href":"https:\/\/egerot.com\/it\/wp-json\/wp\/v2\/media?parent=45434"}],"wp:term":[{"taxonomy":"marka","embeddable":true,"href":"https:\/\/egerot.com\/it\/wp-json\/wp\/v2\/marka?post=45434"},{"taxonomy":"model","embeddable":true,"href":"https:\/\/egerot.com\/it\/wp-json\/wp\/v2\/model?post=45434"},{"taxonomy":"referans-numarasi","embeddable":true,"href":"https:\/\/egerot.com\/it\/wp-json\/wp\/v2\/referans-numarasi?post=45434"},{"taxonomy":"uretici","embeddable":true,"href":"https:\/\/egerot.com\/it\/wp-json\/wp\/v2\/uretici?post=45434"},{"taxonomy":"product_brand","embeddable":true,"href":"https:\/\/egerot.com\/it\/wp-json\/wp\/v2\/product_brand?post=45434"},{"taxonomy":"product_cat","embeddable":true,"href":"https:\/\/egerot.com\/it\/wp-json\/wp\/v2\/product_cat?post=45434"},{"taxonomy":"product_tag","embeddable":true,"href":"https:\/\/egerot.com\/it\/wp-json\/wp\/v2\/product_tag?post=45434"}],"curies":[{"name":"wp","href":"https:\/\/api.w.org\/{rel}","templated":true}]}}