{"id":45584,"date":"2025-03-10T05:53:19","date_gmt":"2025-03-10T05:53:19","guid":{"rendered":"https:\/\/egerot.com\/product\/er1853\/"},"modified":"2025-03-10T05:53:19","modified_gmt":"2025-03-10T05:53:19","slug":"er1853","status":"publish","type":"product","link":"https:\/\/egerot.com\/it\/product\/er1853\/","title":{"rendered":"ER1853"},"content":{"rendered":"<p><strong>Tubo:  \u00d8: <\/strong> \u00d860 <\/p>\n<p><strong>Cono:  \u00d8S\/\u00d8B (mm): <\/strong> \u00d824,2&#215;62 <\/p>\n<p><strong>Lunghezza:  (mm): <\/strong> 1815mm <\/p>\n","protected":false},"excerpt":{"rendered":"<p>\u00d8: \u00d860 \u00d8S\/\u00d8B (mm): \u00d824,2&#215;62 (mm): 1815mm<\/p>\n","protected":false},"featured_media":0,"comment_status":"closed","ping_status":"open","template":"","meta":{"_acf_changed":false},"marka":[55090],"model":[56871],"referans-numarasi":[56872,56873,56874],"uretici":[62045],"product_brand":[],"product_cat":[55131],"product_tag":[],"class_list":{"0":"post-45584","1":"product","2":"type-product","3":"status-publish","5":"marka-egerot-it","6":"model-actros-3231-3339-actros-3340-3550-actros-4036-4844-actros-5041-5048-axor-3028-4144-it","7":"referans-numarasi-0003220323-it","8":"referans-numarasi-0003220623-it","9":"referans-numarasi-3753220423-it","10":"uretici-null-it","11":"product_cat-stabilizzatore","13":"first","14":"instock","15":"product-type-simple"},"acf":[],"_links":{"self":[{"href":"https:\/\/egerot.com\/it\/wp-json\/wp\/v2\/product\/45584","targetHints":{"allow":["GET"]}}],"collection":[{"href":"https:\/\/egerot.com\/it\/wp-json\/wp\/v2\/product"}],"about":[{"href":"https:\/\/egerot.com\/it\/wp-json\/wp\/v2\/types\/product"}],"replies":[{"embeddable":true,"href":"https:\/\/egerot.com\/it\/wp-json\/wp\/v2\/comments?post=45584"}],"wp:attachment":[{"href":"https:\/\/egerot.com\/it\/wp-json\/wp\/v2\/media?parent=45584"}],"wp:term":[{"taxonomy":"marka","embeddable":true,"href":"https:\/\/egerot.com\/it\/wp-json\/wp\/v2\/marka?post=45584"},{"taxonomy":"model","embeddable":true,"href":"https:\/\/egerot.com\/it\/wp-json\/wp\/v2\/model?post=45584"},{"taxonomy":"referans-numarasi","embeddable":true,"href":"https:\/\/egerot.com\/it\/wp-json\/wp\/v2\/referans-numarasi?post=45584"},{"taxonomy":"uretici","embeddable":true,"href":"https:\/\/egerot.com\/it\/wp-json\/wp\/v2\/uretici?post=45584"},{"taxonomy":"product_brand","embeddable":true,"href":"https:\/\/egerot.com\/it\/wp-json\/wp\/v2\/product_brand?post=45584"},{"taxonomy":"product_cat","embeddable":true,"href":"https:\/\/egerot.com\/it\/wp-json\/wp\/v2\/product_cat?post=45584"},{"taxonomy":"product_tag","embeddable":true,"href":"https:\/\/egerot.com\/it\/wp-json\/wp\/v2\/product_tag?post=45584"}],"curies":[{"name":"wp","href":"https:\/\/api.w.org\/{rel}","templated":true}]}}