{"id":45684,"date":"2025-03-10T05:52:26","date_gmt":"2025-03-10T05:52:26","guid":{"rendered":"https:\/\/egerot.com\/product\/er1817\/"},"modified":"2025-03-10T05:52:26","modified_gmt":"2025-03-10T05:52:26","slug":"er1817","status":"publish","type":"product","link":"https:\/\/egerot.com\/it\/product\/er1817\/","title":{"rendered":"ER1817"},"content":{"rendered":"<p><strong>Tubo:  \u00d8: <\/strong> \u00d836 <\/p>\n<p><strong>Cono:  \u00d8S\/\u00d8B (mm): <\/strong> 24,7\/28,6 <\/p>\n<p><strong>Cono:  \u00d8S\/\u00d8B (mm): <\/strong> 28\/32 <\/p>\n<p><strong>Lunghezza:  (mm): <\/strong> 350mm <\/p>\n","protected":false},"excerpt":{"rendered":"<p>\u00d8: \u00d836 \u00d8S\/\u00d8B (mm): 24,7\/28,6 \u00d8S\/\u00d8B (mm): 28\/32 (mm): 350mm<\/p>\n","protected":false},"featured_media":0,"comment_status":"closed","ping_status":"open","template":"","meta":{"_acf_changed":false},"marka":[55090],"model":[56830,56831,56963,56832,55271,56956,56957,56958,55354,56959,56964,56965],"referans-numarasi":[56966,55848],"uretici":[62045],"product_brand":[],"product_cat":[55131],"product_tag":[],"class_list":{"0":"post-45684","1":"product","2":"type-product","3":"status-publish","5":"marka-egerot-it","6":"model-7350-it","7":"model-8700-it","8":"model-b6-it","9":"model-b7-it","10":"model-b9-it","11":"model-fh-it","12":"model-fh12-it","13":"model-fh16-it","14":"model-fl6-it","15":"model-fm-it","16":"model-fm12-it","17":"model-fm9-it","18":"referans-numarasi-20443063-it","19":"referans-numarasi-20994420-it","20":"uretici-null-it","21":"product_cat-stabilizzatore","23":"first","24":"instock","25":"product-type-simple"},"acf":[],"_links":{"self":[{"href":"https:\/\/egerot.com\/it\/wp-json\/wp\/v2\/product\/45684","targetHints":{"allow":["GET"]}}],"collection":[{"href":"https:\/\/egerot.com\/it\/wp-json\/wp\/v2\/product"}],"about":[{"href":"https:\/\/egerot.com\/it\/wp-json\/wp\/v2\/types\/product"}],"replies":[{"embeddable":true,"href":"https:\/\/egerot.com\/it\/wp-json\/wp\/v2\/comments?post=45684"}],"wp:attachment":[{"href":"https:\/\/egerot.com\/it\/wp-json\/wp\/v2\/media?parent=45684"}],"wp:term":[{"taxonomy":"marka","embeddable":true,"href":"https:\/\/egerot.com\/it\/wp-json\/wp\/v2\/marka?post=45684"},{"taxonomy":"model","embeddable":true,"href":"https:\/\/egerot.com\/it\/wp-json\/wp\/v2\/model?post=45684"},{"taxonomy":"referans-numarasi","embeddable":true,"href":"https:\/\/egerot.com\/it\/wp-json\/wp\/v2\/referans-numarasi?post=45684"},{"taxonomy":"uretici","embeddable":true,"href":"https:\/\/egerot.com\/it\/wp-json\/wp\/v2\/uretici?post=45684"},{"taxonomy":"product_brand","embeddable":true,"href":"https:\/\/egerot.com\/it\/wp-json\/wp\/v2\/product_brand?post=45684"},{"taxonomy":"product_cat","embeddable":true,"href":"https:\/\/egerot.com\/it\/wp-json\/wp\/v2\/product_cat?post=45684"},{"taxonomy":"product_tag","embeddable":true,"href":"https:\/\/egerot.com\/it\/wp-json\/wp\/v2\/product_tag?post=45684"}],"curies":[{"name":"wp","href":"https:\/\/api.w.org\/{rel}","templated":true}]}}