{"id":46529,"date":"2025-03-10T05:44:41","date_gmt":"2025-03-10T05:44:41","guid":{"rendered":"https:\/\/egerot.com\/product\/er1536\/"},"modified":"2025-03-10T05:44:41","modified_gmt":"2025-03-10T05:44:41","slug":"er1536","status":"publish","type":"product","link":"https:\/\/egerot.com\/it\/product\/er1536\/","title":{"rendered":"ER1536"},"content":{"rendered":"<p><strong>Tubo:  \u00d8: <\/strong> \u00d836 <\/p>\n<p><strong>Cono:  \u00d8S\/\u00d8B (mm): <\/strong> 28\/32 <\/p>\n<p><strong>Lunghezza:  (mm): <\/strong> 435mm <\/p>\n","protected":false},"excerpt":{"rendered":"<p>\u00d8: \u00d836 \u00d8S\/\u00d8B (mm): 28\/32 (mm): 435mm<\/p>\n","protected":false},"featured_media":0,"comment_status":"closed","ping_status":"open","template":"","meta":{"_acf_changed":false},"marka":[55090],"model":[56956,57442,56957,56958,57443,56959,57439,57444,57445],"referans-numarasi":[57446,57447,57448,57449,57450,55844],"uretici":[62045],"product_brand":[],"product_cat":[55131],"product_tag":[],"class_list":{"0":"post-46529","1":"product","2":"type-product","3":"status-publish","5":"marka-egerot-it","6":"model-fh-it","7":"model-fh-ii-it","8":"model-fh12-it","9":"model-fh16-it","10":"model-fh16-ii-it","11":"model-fm-it","12":"model-fm-12-it","13":"model-fmx-it","14":"model-fmx-ii-it","15":"referans-numarasi-21119046-it","16":"referans-numarasi-21119050-it","17":"referans-numarasi-21119064-it","18":"referans-numarasi-21182236-it","19":"referans-numarasi-21182237-it","20":"referans-numarasi-21287061-it","21":"uretici-null-it","22":"product_cat-stabilizzatore","24":"first","25":"instock","26":"product-type-simple"},"acf":[],"_links":{"self":[{"href":"https:\/\/egerot.com\/it\/wp-json\/wp\/v2\/product\/46529","targetHints":{"allow":["GET"]}}],"collection":[{"href":"https:\/\/egerot.com\/it\/wp-json\/wp\/v2\/product"}],"about":[{"href":"https:\/\/egerot.com\/it\/wp-json\/wp\/v2\/types\/product"}],"replies":[{"embeddable":true,"href":"https:\/\/egerot.com\/it\/wp-json\/wp\/v2\/comments?post=46529"}],"wp:attachment":[{"href":"https:\/\/egerot.com\/it\/wp-json\/wp\/v2\/media?parent=46529"}],"wp:term":[{"taxonomy":"marka","embeddable":true,"href":"https:\/\/egerot.com\/it\/wp-json\/wp\/v2\/marka?post=46529"},{"taxonomy":"model","embeddable":true,"href":"https:\/\/egerot.com\/it\/wp-json\/wp\/v2\/model?post=46529"},{"taxonomy":"referans-numarasi","embeddable":true,"href":"https:\/\/egerot.com\/it\/wp-json\/wp\/v2\/referans-numarasi?post=46529"},{"taxonomy":"uretici","embeddable":true,"href":"https:\/\/egerot.com\/it\/wp-json\/wp\/v2\/uretici?post=46529"},{"taxonomy":"product_brand","embeddable":true,"href":"https:\/\/egerot.com\/it\/wp-json\/wp\/v2\/product_brand?post=46529"},{"taxonomy":"product_cat","embeddable":true,"href":"https:\/\/egerot.com\/it\/wp-json\/wp\/v2\/product_cat?post=46529"},{"taxonomy":"product_tag","embeddable":true,"href":"https:\/\/egerot.com\/it\/wp-json\/wp\/v2\/product_tag?post=46529"}],"curies":[{"name":"wp","href":"https:\/\/api.w.org\/{rel}","templated":true}]}}