{"id":47074,"date":"2025-03-10T05:39:45","date_gmt":"2025-03-10T05:39:45","guid":{"rendered":"https:\/\/egerot.com\/product\/er1385\/"},"modified":"2025-03-10T05:39:45","modified_gmt":"2025-03-10T05:39:45","slug":"er1385","status":"publish","type":"product","link":"https:\/\/egerot.com\/it\/product\/er1385\/","title":{"rendered":"ER1385"},"content":{"rendered":"<p><strong>Tubo:  \u00d8: <\/strong> \u00d830 <\/p>\n<p><strong>Cono:  \u00d8S\/\u00d8B (mm): <\/strong> 19,9\/22 <\/p>\n<p><strong>Lunghezza:  (mm): <\/strong> 300mm <\/p>\n","protected":false},"excerpt":{"rendered":"<p>\u00d8: \u00d830 \u00d8S\/\u00d8B (mm): 19,9\/22 (mm): 300mm<\/p>\n","protected":false},"featured_media":0,"comment_status":"closed","ping_status":"open","template":"","meta":{"_acf_changed":false},"marka":[55090],"model":[55174],"referans-numarasi":[57749,57750],"uretici":[62045],"product_brand":[],"product_cat":[55131],"product_tag":[],"class_list":{"0":"post-47074","1":"product","2":"type-product","3":"status-publish","5":"marka-egerot-it","6":"model-kerax-it","7":"referans-numarasi-20850454-it","8":"referans-numarasi-7420850454-it","9":"uretici-null-it","10":"product_cat-stabilizzatore","12":"first","13":"instock","14":"product-type-simple"},"acf":[],"_links":{"self":[{"href":"https:\/\/egerot.com\/it\/wp-json\/wp\/v2\/product\/47074","targetHints":{"allow":["GET"]}}],"collection":[{"href":"https:\/\/egerot.com\/it\/wp-json\/wp\/v2\/product"}],"about":[{"href":"https:\/\/egerot.com\/it\/wp-json\/wp\/v2\/types\/product"}],"replies":[{"embeddable":true,"href":"https:\/\/egerot.com\/it\/wp-json\/wp\/v2\/comments?post=47074"}],"wp:attachment":[{"href":"https:\/\/egerot.com\/it\/wp-json\/wp\/v2\/media?parent=47074"}],"wp:term":[{"taxonomy":"marka","embeddable":true,"href":"https:\/\/egerot.com\/it\/wp-json\/wp\/v2\/marka?post=47074"},{"taxonomy":"model","embeddable":true,"href":"https:\/\/egerot.com\/it\/wp-json\/wp\/v2\/model?post=47074"},{"taxonomy":"referans-numarasi","embeddable":true,"href":"https:\/\/egerot.com\/it\/wp-json\/wp\/v2\/referans-numarasi?post=47074"},{"taxonomy":"uretici","embeddable":true,"href":"https:\/\/egerot.com\/it\/wp-json\/wp\/v2\/uretici?post=47074"},{"taxonomy":"product_brand","embeddable":true,"href":"https:\/\/egerot.com\/it\/wp-json\/wp\/v2\/product_brand?post=47074"},{"taxonomy":"product_cat","embeddable":true,"href":"https:\/\/egerot.com\/it\/wp-json\/wp\/v2\/product_cat?post=47074"},{"taxonomy":"product_tag","embeddable":true,"href":"https:\/\/egerot.com\/it\/wp-json\/wp\/v2\/product_tag?post=47074"}],"curies":[{"name":"wp","href":"https:\/\/api.w.org\/{rel}","templated":true}]}}