{"id":47870,"date":"2025-03-10T05:32:06","date_gmt":"2025-03-10T05:32:06","guid":{"rendered":"https:\/\/egerot.com\/product\/er1170\/"},"modified":"2025-03-10T05:32:06","modified_gmt":"2025-03-10T05:32:06","slug":"er1170","status":"publish","type":"product","link":"https:\/\/egerot.com\/it\/product\/er1170\/","title":{"rendered":"ER1170"},"content":{"rendered":"<p><strong>Tubo:  \u00d8: <\/strong> \u00d832 <\/p>\n<p><strong>Cono:  \u00d8S\/\u00d8B (mm): <\/strong> 27,1\/30 <\/p>\n<p><strong>Lunghezza:  (mm): <\/strong> 148mm <\/p>\n","protected":false},"excerpt":{"rendered":"<p>\u00d8: \u00d832 \u00d8S\/\u00d8B (mm): 27,1\/30 (mm): 148mm<\/p>\n","protected":false},"featured_media":0,"comment_status":"closed","ping_status":"open","template":"","meta":{"_acf_changed":false},"marka":[55090],"model":[58213],"referans-numarasi":[57618,57620,57622,57623],"uretici":[62045],"product_brand":[],"product_cat":[55131],"product_tag":[],"class_list":{"0":"post-47870","1":"product","2":"type-product","3":"status-publish","5":"marka-egerot-it","6":"model-integro-o550-travego-o580-setra-series-400-comfort-class-top-class-it","7":"referans-numarasi-0003200232-it","8":"referans-numarasi-0003200932-it","9":"referans-numarasi-6323200432-it","10":"referans-numarasi-8226369000-it","11":"uretici-null-it","12":"product_cat-stabilizzatore","14":"first","15":"instock","16":"product-type-simple"},"acf":[],"_links":{"self":[{"href":"https:\/\/egerot.com\/it\/wp-json\/wp\/v2\/product\/47870","targetHints":{"allow":["GET"]}}],"collection":[{"href":"https:\/\/egerot.com\/it\/wp-json\/wp\/v2\/product"}],"about":[{"href":"https:\/\/egerot.com\/it\/wp-json\/wp\/v2\/types\/product"}],"replies":[{"embeddable":true,"href":"https:\/\/egerot.com\/it\/wp-json\/wp\/v2\/comments?post=47870"}],"wp:attachment":[{"href":"https:\/\/egerot.com\/it\/wp-json\/wp\/v2\/media?parent=47870"}],"wp:term":[{"taxonomy":"marka","embeddable":true,"href":"https:\/\/egerot.com\/it\/wp-json\/wp\/v2\/marka?post=47870"},{"taxonomy":"model","embeddable":true,"href":"https:\/\/egerot.com\/it\/wp-json\/wp\/v2\/model?post=47870"},{"taxonomy":"referans-numarasi","embeddable":true,"href":"https:\/\/egerot.com\/it\/wp-json\/wp\/v2\/referans-numarasi?post=47870"},{"taxonomy":"uretici","embeddable":true,"href":"https:\/\/egerot.com\/it\/wp-json\/wp\/v2\/uretici?post=47870"},{"taxonomy":"product_brand","embeddable":true,"href":"https:\/\/egerot.com\/it\/wp-json\/wp\/v2\/product_brand?post=47870"},{"taxonomy":"product_cat","embeddable":true,"href":"https:\/\/egerot.com\/it\/wp-json\/wp\/v2\/product_cat?post=47870"},{"taxonomy":"product_tag","embeddable":true,"href":"https:\/\/egerot.com\/it\/wp-json\/wp\/v2\/product_tag?post=47870"}],"curies":[{"name":"wp","href":"https:\/\/api.w.org\/{rel}","templated":true}]}}