{"id":49190,"date":"2025-03-10T05:19:48","date_gmt":"2025-03-10T05:19:48","guid":{"rendered":"https:\/\/egerot.com\/product\/er0830\/"},"modified":"2025-03-10T05:19:48","modified_gmt":"2025-03-10T05:19:48","slug":"er0830","status":"publish","type":"product","link":"https:\/\/egerot.com\/it\/product\/er0830\/","title":{"rendered":"ER0830"},"content":{"rendered":"<p><strong>Tubo:  \u00d8: <\/strong> \u00d840 <\/p>\n<p><strong>Cono:  \u00d8S\/\u00d8B (mm): <\/strong> 27,1\/30 <\/p>\n<p><strong>Lunghezza:  (mm): <\/strong> 355mm <\/p>\n","protected":false},"excerpt":{"rendered":"<p>\u00d8: \u00d840 \u00d8S\/\u00d8B (mm): 27,1\/30 (mm): 355mm<\/p>\n","protected":false},"featured_media":0,"comment_status":"closed","ping_status":"open","template":"","meta":{"_acf_changed":false},"marka":[55090],"model":[59287],"referans-numarasi":[59288],"uretici":[62045],"product_brand":[],"product_cat":[55131],"product_tag":[],"class_list":{"0":"post-49190","1":"product","2":"type-product","3":"status-publish","5":"marka-egerot-it","6":"model-m-turbostar-turbotech-it","7":"referans-numarasi-4741171-it","8":"uretici-null-it","9":"product_cat-stabilizzatore","11":"first","12":"instock","13":"product-type-simple"},"acf":[],"_links":{"self":[{"href":"https:\/\/egerot.com\/it\/wp-json\/wp\/v2\/product\/49190","targetHints":{"allow":["GET"]}}],"collection":[{"href":"https:\/\/egerot.com\/it\/wp-json\/wp\/v2\/product"}],"about":[{"href":"https:\/\/egerot.com\/it\/wp-json\/wp\/v2\/types\/product"}],"replies":[{"embeddable":true,"href":"https:\/\/egerot.com\/it\/wp-json\/wp\/v2\/comments?post=49190"}],"wp:attachment":[{"href":"https:\/\/egerot.com\/it\/wp-json\/wp\/v2\/media?parent=49190"}],"wp:term":[{"taxonomy":"marka","embeddable":true,"href":"https:\/\/egerot.com\/it\/wp-json\/wp\/v2\/marka?post=49190"},{"taxonomy":"model","embeddable":true,"href":"https:\/\/egerot.com\/it\/wp-json\/wp\/v2\/model?post=49190"},{"taxonomy":"referans-numarasi","embeddable":true,"href":"https:\/\/egerot.com\/it\/wp-json\/wp\/v2\/referans-numarasi?post=49190"},{"taxonomy":"uretici","embeddable":true,"href":"https:\/\/egerot.com\/it\/wp-json\/wp\/v2\/uretici?post=49190"},{"taxonomy":"product_brand","embeddable":true,"href":"https:\/\/egerot.com\/it\/wp-json\/wp\/v2\/product_brand?post=49190"},{"taxonomy":"product_cat","embeddable":true,"href":"https:\/\/egerot.com\/it\/wp-json\/wp\/v2\/product_cat?post=49190"},{"taxonomy":"product_tag","embeddable":true,"href":"https:\/\/egerot.com\/it\/wp-json\/wp\/v2\/product_tag?post=49190"}],"curies":[{"name":"wp","href":"https:\/\/api.w.org\/{rel}","templated":true}]}}