{"id":43050,"date":"2025-03-10T06:17:31","date_gmt":"2025-03-10T06:17:31","guid":{"rendered":"https:\/\/egerot.com\/product\/er3594\/"},"modified":"2025-03-10T06:17:31","modified_gmt":"2025-03-10T06:17:31","slug":"er3594","status":"publish","type":"product","link":"https:\/\/egerot.com\/ru\/product\/er3594\/","title":{"rendered":"ER3594"},"content":{"rendered":"<p><strong>\u0422\u0440\u0443\u0431\u0430:  \u00d8: <\/strong> \u00d830 <\/p>\n<p><strong>\u041a\u043e\u043d\u0443\u0441:  \u00d8S\/\u00d8B (mm): <\/strong> 19,9\/22 <\/p>\n<p><strong>\u0414\u043b\u0438\u043d\u0430:  (mm): <\/strong> 340mm <\/p>\n","protected":false},"excerpt":{"rendered":"<p>\u00d8: \u00d830 \u00d8S\/\u00d8B (mm): 19,9\/22 (mm): 340mm<\/p>\n","protected":false},"featured_media":0,"comment_status":"closed","ping_status":"open","template":"","meta":{"_acf_changed":false},"marka":[20554],"model":[23434],"referans-numarasi":[23435],"uretici":[62048],"product_brand":[],"product_cat":[23436],"product_tag":[],"class_list":{"0":"post-43050","1":"product","2":"type-product","3":"status-publish","5":"marka-egerot-ru","6":"model-fh-fhii-fh12-fh16-fh16-ii-fm-fm12-fmx-ii-renault-trucks-t-serie-ru","7":"referans-numarasi-22365883-ru","8":"uretici-null-ru","9":"product_cat-23436","11":"first","12":"instock","13":"product-type-simple"},"acf":[],"_links":{"self":[{"href":"https:\/\/egerot.com\/ru\/wp-json\/wp\/v2\/product\/43050","targetHints":{"allow":["GET"]}}],"collection":[{"href":"https:\/\/egerot.com\/ru\/wp-json\/wp\/v2\/product"}],"about":[{"href":"https:\/\/egerot.com\/ru\/wp-json\/wp\/v2\/types\/product"}],"replies":[{"embeddable":true,"href":"https:\/\/egerot.com\/ru\/wp-json\/wp\/v2\/comments?post=43050"}],"wp:attachment":[{"href":"https:\/\/egerot.com\/ru\/wp-json\/wp\/v2\/media?parent=43050"}],"wp:term":[{"taxonomy":"marka","embeddable":true,"href":"https:\/\/egerot.com\/ru\/wp-json\/wp\/v2\/marka?post=43050"},{"taxonomy":"model","embeddable":true,"href":"https:\/\/egerot.com\/ru\/wp-json\/wp\/v2\/model?post=43050"},{"taxonomy":"referans-numarasi","embeddable":true,"href":"https:\/\/egerot.com\/ru\/wp-json\/wp\/v2\/referans-numarasi?post=43050"},{"taxonomy":"uretici","embeddable":true,"href":"https:\/\/egerot.com\/ru\/wp-json\/wp\/v2\/uretici?post=43050"},{"taxonomy":"product_brand","embeddable":true,"href":"https:\/\/egerot.com\/ru\/wp-json\/wp\/v2\/product_brand?post=43050"},{"taxonomy":"product_cat","embeddable":true,"href":"https:\/\/egerot.com\/ru\/wp-json\/wp\/v2\/product_cat?post=43050"},{"taxonomy":"product_tag","embeddable":true,"href":"https:\/\/egerot.com\/ru\/wp-json\/wp\/v2\/product_tag?post=43050"}],"curies":[{"name":"wp","href":"https:\/\/api.w.org\/{rel}","templated":true}]}}