{"id":44855,"date":"2025-03-10T06:00:06","date_gmt":"2025-03-10T06:00:06","guid":{"rendered":"https:\/\/egerot.com\/product\/er2100\/"},"modified":"2025-03-10T06:00:06","modified_gmt":"2025-03-10T06:00:06","slug":"er2100","status":"publish","type":"product","link":"https:\/\/egerot.com\/ru\/product\/er2100\/","title":{"rendered":"ER2100"},"content":{"rendered":"<p><strong>\u0414\u0438\u0430\u043c\u0435\u0442\u0440 \u0440\u0435\u0437\u044c\u0431\u044b: \u00d8 : <\/strong> \u00d895 <\/p>\n<p><strong>\u041e\u0442\u0432\u0435\u0440\u0441\u0442\u0438\u0435: \u00d8 : <\/strong> \u00d823 <\/p>\n<p><strong>\u041e\u0442\u0432\u0435\u0440\u0441\u0442\u0438\u0435:  ekseni (mm): : <\/strong> 152 <\/p>\n<p><strong>\u0422\u043e\u043b\u0449\u0438\u043d\u0430:  (mm): : <\/strong> 35 <\/p>\n","protected":false},"excerpt":{"rendered":"<p>\u00d8 : \u00d895 \u00d8 : \u00d823 ekseni (mm): : 152 (mm): : 35<\/p>\n","protected":false},"featured_media":0,"comment_status":"closed","ping_status":"open","template":"","meta":{"_acf_changed":false},"marka":[20554],"model":[29054,19824],"referans-numarasi":[29055,29056,29057,29058,29059],"uretici":[62048],"product_brand":[],"product_cat":[27583],"product_tag":[],"class_list":{"0":"post-44855","1":"product","2":"type-product","3":"status-publish","5":"marka-egerot-ru","6":"model-f-12-fh-16-fl-10-fl-12-ru","7":"model-fh16-euro-6-650-700-750-ru","8":"referans-numarasi-0696321-ru","9":"referans-numarasi-1104336-ru","10":"referans-numarasi-274056-ru","11":"referans-numarasi-6889513-ru","12":"referans-numarasi-696321-ru","13":"uretici-null-ru","14":"product_cat-27583","16":"first","17":"instock","18":"product-type-simple"},"acf":[],"_links":{"self":[{"href":"https:\/\/egerot.com\/ru\/wp-json\/wp\/v2\/product\/44855","targetHints":{"allow":["GET"]}}],"collection":[{"href":"https:\/\/egerot.com\/ru\/wp-json\/wp\/v2\/product"}],"about":[{"href":"https:\/\/egerot.com\/ru\/wp-json\/wp\/v2\/types\/product"}],"replies":[{"embeddable":true,"href":"https:\/\/egerot.com\/ru\/wp-json\/wp\/v2\/comments?post=44855"}],"wp:attachment":[{"href":"https:\/\/egerot.com\/ru\/wp-json\/wp\/v2\/media?parent=44855"}],"wp:term":[{"taxonomy":"marka","embeddable":true,"href":"https:\/\/egerot.com\/ru\/wp-json\/wp\/v2\/marka?post=44855"},{"taxonomy":"model","embeddable":true,"href":"https:\/\/egerot.com\/ru\/wp-json\/wp\/v2\/model?post=44855"},{"taxonomy":"referans-numarasi","embeddable":true,"href":"https:\/\/egerot.com\/ru\/wp-json\/wp\/v2\/referans-numarasi?post=44855"},{"taxonomy":"uretici","embeddable":true,"href":"https:\/\/egerot.com\/ru\/wp-json\/wp\/v2\/uretici?post=44855"},{"taxonomy":"product_brand","embeddable":true,"href":"https:\/\/egerot.com\/ru\/wp-json\/wp\/v2\/product_brand?post=44855"},{"taxonomy":"product_cat","embeddable":true,"href":"https:\/\/egerot.com\/ru\/wp-json\/wp\/v2\/product_cat?post=44855"},{"taxonomy":"product_tag","embeddable":true,"href":"https:\/\/egerot.com\/ru\/wp-json\/wp\/v2\/product_tag?post=44855"}],"curies":[{"name":"wp","href":"https:\/\/api.w.org\/{rel}","templated":true}]}}