{"id":45475,"date":"2025-03-10T05:54:27","date_gmt":"2025-03-10T05:54:27","guid":{"rendered":"https:\/\/egerot.com\/product\/er1899\/"},"modified":"2025-03-10T05:54:27","modified_gmt":"2025-03-10T05:54:27","slug":"er1899","status":"publish","type":"product","link":"https:\/\/egerot.com\/ru\/product\/er1899\/","title":{"rendered":"ER1899"},"content":{"rendered":"<p><strong>\u0422\u0440\u0443\u0431\u0430:  \u00d8: <\/strong> \u00d836 <\/p>\n<p><strong>\u041a\u043e\u043d\u0443\u0441:  \u00d8S\/\u00d8B (mm): <\/strong> 23,9\/28,6 <\/p>\n<p><strong>\u0414\u043b\u0438\u043d\u0430:  (mm): <\/strong> 367mm <\/p>\n","protected":false},"excerpt":{"rendered":"<p>\u00d8: \u00d836 \u00d8S\/\u00d8B (mm): 23,9\/28,6 (mm): 367mm<\/p>\n","protected":false},"featured_media":0,"comment_status":"closed","ping_status":"open","template":"","meta":{"_acf_changed":false},"marka":[20554],"model":[30356],"referans-numarasi":[30357,30358,30359],"uretici":[62048],"product_brand":[],"product_cat":[23436],"product_tag":[],"class_list":{"0":"post-45475","1":"product","2":"type-product","3":"status-publish","5":"marka-egerot-ru","6":"model-pb-14-14-6-19-b12-ru","7":"referans-numarasi-70314307-ru","8":"referans-numarasi-70397005-ru","9":"referans-numarasi-9959462-ru","10":"uretici-null-ru","11":"product_cat-23436","13":"first","14":"instock","15":"product-type-simple"},"acf":[],"_links":{"self":[{"href":"https:\/\/egerot.com\/ru\/wp-json\/wp\/v2\/product\/45475","targetHints":{"allow":["GET"]}}],"collection":[{"href":"https:\/\/egerot.com\/ru\/wp-json\/wp\/v2\/product"}],"about":[{"href":"https:\/\/egerot.com\/ru\/wp-json\/wp\/v2\/types\/product"}],"replies":[{"embeddable":true,"href":"https:\/\/egerot.com\/ru\/wp-json\/wp\/v2\/comments?post=45475"}],"wp:attachment":[{"href":"https:\/\/egerot.com\/ru\/wp-json\/wp\/v2\/media?parent=45475"}],"wp:term":[{"taxonomy":"marka","embeddable":true,"href":"https:\/\/egerot.com\/ru\/wp-json\/wp\/v2\/marka?post=45475"},{"taxonomy":"model","embeddable":true,"href":"https:\/\/egerot.com\/ru\/wp-json\/wp\/v2\/model?post=45475"},{"taxonomy":"referans-numarasi","embeddable":true,"href":"https:\/\/egerot.com\/ru\/wp-json\/wp\/v2\/referans-numarasi?post=45475"},{"taxonomy":"uretici","embeddable":true,"href":"https:\/\/egerot.com\/ru\/wp-json\/wp\/v2\/uretici?post=45475"},{"taxonomy":"product_brand","embeddable":true,"href":"https:\/\/egerot.com\/ru\/wp-json\/wp\/v2\/product_brand?post=45475"},{"taxonomy":"product_cat","embeddable":true,"href":"https:\/\/egerot.com\/ru\/wp-json\/wp\/v2\/product_cat?post=45475"},{"taxonomy":"product_tag","embeddable":true,"href":"https:\/\/egerot.com\/ru\/wp-json\/wp\/v2\/product_tag?post=45475"}],"curies":[{"name":"wp","href":"https:\/\/api.w.org\/{rel}","templated":true}]}}