{"id":45720,"date":"2025-03-10T05:52:13","date_gmt":"2025-03-10T05:52:13","guid":{"rendered":"https:\/\/egerot.com\/product\/er1814\/"},"modified":"2025-03-10T05:52:13","modified_gmt":"2025-03-10T05:52:13","slug":"er1814","status":"publish","type":"product","link":"https:\/\/egerot.com\/ru\/product\/er1814\/","title":{"rendered":"ER1814"},"content":{"rendered":"<p><strong>\u0422\u0440\u0443\u0431\u0430:  \u00d8: <\/strong> \u00d862 <\/p>\n<p><strong>\u041a\u043e\u043d\u0443\u0441:  \u00d8S\/\u00d8B (mm): <\/strong> \u00d824,2&#215;62 <\/p>\n<p><strong>\u0414\u043b\u0438\u043d\u0430:  (mm): <\/strong> 1815mm <\/p>\n","protected":false},"excerpt":{"rendered":"<p>\u00d8: \u00d862 \u00d8S\/\u00d8B (mm): \u00d824,2&#215;62 (mm): 1815mm<\/p>\n","protected":false},"featured_media":0,"comment_status":"closed","ping_status":"open","template":"","meta":{"_acf_changed":false},"marka":[20554],"model":[31271],"referans-numarasi":[31272,31273],"uretici":[62048],"product_brand":[],"product_cat":[23436],"product_tag":[],"class_list":{"0":"post-45720","1":"product","2":"type-product","3":"status-publish","5":"marka-egerot-ru","6":"model-axor-2-2636-2640-2643-3236-3240-3243-ru","7":"referans-numarasi-3753220123-ru","8":"referans-numarasi-3753220523-ru","9":"uretici-null-ru","10":"product_cat-23436","12":"first","13":"instock","14":"product-type-simple"},"acf":[],"_links":{"self":[{"href":"https:\/\/egerot.com\/ru\/wp-json\/wp\/v2\/product\/45720","targetHints":{"allow":["GET"]}}],"collection":[{"href":"https:\/\/egerot.com\/ru\/wp-json\/wp\/v2\/product"}],"about":[{"href":"https:\/\/egerot.com\/ru\/wp-json\/wp\/v2\/types\/product"}],"replies":[{"embeddable":true,"href":"https:\/\/egerot.com\/ru\/wp-json\/wp\/v2\/comments?post=45720"}],"wp:attachment":[{"href":"https:\/\/egerot.com\/ru\/wp-json\/wp\/v2\/media?parent=45720"}],"wp:term":[{"taxonomy":"marka","embeddable":true,"href":"https:\/\/egerot.com\/ru\/wp-json\/wp\/v2\/marka?post=45720"},{"taxonomy":"model","embeddable":true,"href":"https:\/\/egerot.com\/ru\/wp-json\/wp\/v2\/model?post=45720"},{"taxonomy":"referans-numarasi","embeddable":true,"href":"https:\/\/egerot.com\/ru\/wp-json\/wp\/v2\/referans-numarasi?post=45720"},{"taxonomy":"uretici","embeddable":true,"href":"https:\/\/egerot.com\/ru\/wp-json\/wp\/v2\/uretici?post=45720"},{"taxonomy":"product_brand","embeddable":true,"href":"https:\/\/egerot.com\/ru\/wp-json\/wp\/v2\/product_brand?post=45720"},{"taxonomy":"product_cat","embeddable":true,"href":"https:\/\/egerot.com\/ru\/wp-json\/wp\/v2\/product_cat?post=45720"},{"taxonomy":"product_tag","embeddable":true,"href":"https:\/\/egerot.com\/ru\/wp-json\/wp\/v2\/product_tag?post=45720"}],"curies":[{"name":"wp","href":"https:\/\/api.w.org\/{rel}","templated":true}]}}