{"id":46530,"date":"2025-03-10T05:44:41","date_gmt":"2025-03-10T05:44:41","guid":{"rendered":"https:\/\/egerot.com\/product\/er1536\/"},"modified":"2025-03-10T05:44:41","modified_gmt":"2025-03-10T05:44:41","slug":"er1536","status":"publish","type":"product","link":"https:\/\/egerot.com\/ru\/product\/er1536\/","title":{"rendered":"ER1536"},"content":{"rendered":"<p><strong>\u0422\u0440\u0443\u0431\u0430:  \u00d8: <\/strong> \u00d836 <\/p>\n<p><strong>\u041a\u043e\u043d\u0443\u0441:  \u00d8S\/\u00d8B (mm): <\/strong> 28\/32 <\/p>\n<p><strong>\u0414\u043b\u0438\u043d\u0430:  (mm): <\/strong> 435mm <\/p>\n","protected":false},"excerpt":{"rendered":"<p>\u00d8: \u00d836 \u00d8S\/\u00d8B (mm): 28\/32 (mm): 435mm<\/p>\n","protected":false},"featured_media":0,"comment_status":"closed","ping_status":"open","template":"","meta":{"_acf_changed":false},"marka":[20554],"model":[31286,33410,31287,31288,33411,31289,33412,33413,33414],"referans-numarasi":[33415,33416,33417,33418,33419,26857],"uretici":[62048],"product_brand":[],"product_cat":[23436],"product_tag":[],"class_list":{"0":"post-46530","1":"product","2":"type-product","3":"status-publish","5":"marka-egerot-ru","6":"model-fh-ru","7":"model-fh-ii-ru","8":"model-fh12-ru","9":"model-fh16-ru","10":"model-fh16-ii-ru","11":"model-fm-ru","12":"model-fm-12-ru","13":"model-fmx-ru","14":"model-fmx-ii-ru","15":"referans-numarasi-21119046-ru","16":"referans-numarasi-21119050-ru","17":"referans-numarasi-21119064-ru","18":"referans-numarasi-21182236-ru","19":"referans-numarasi-21182237-ru","20":"referans-numarasi-21287061-ru","21":"uretici-null-ru","22":"product_cat-23436","24":"first","25":"instock","26":"product-type-simple"},"acf":[],"_links":{"self":[{"href":"https:\/\/egerot.com\/ru\/wp-json\/wp\/v2\/product\/46530","targetHints":{"allow":["GET"]}}],"collection":[{"href":"https:\/\/egerot.com\/ru\/wp-json\/wp\/v2\/product"}],"about":[{"href":"https:\/\/egerot.com\/ru\/wp-json\/wp\/v2\/types\/product"}],"replies":[{"embeddable":true,"href":"https:\/\/egerot.com\/ru\/wp-json\/wp\/v2\/comments?post=46530"}],"wp:attachment":[{"href":"https:\/\/egerot.com\/ru\/wp-json\/wp\/v2\/media?parent=46530"}],"wp:term":[{"taxonomy":"marka","embeddable":true,"href":"https:\/\/egerot.com\/ru\/wp-json\/wp\/v2\/marka?post=46530"},{"taxonomy":"model","embeddable":true,"href":"https:\/\/egerot.com\/ru\/wp-json\/wp\/v2\/model?post=46530"},{"taxonomy":"referans-numarasi","embeddable":true,"href":"https:\/\/egerot.com\/ru\/wp-json\/wp\/v2\/referans-numarasi?post=46530"},{"taxonomy":"uretici","embeddable":true,"href":"https:\/\/egerot.com\/ru\/wp-json\/wp\/v2\/uretici?post=46530"},{"taxonomy":"product_brand","embeddable":true,"href":"https:\/\/egerot.com\/ru\/wp-json\/wp\/v2\/product_brand?post=46530"},{"taxonomy":"product_cat","embeddable":true,"href":"https:\/\/egerot.com\/ru\/wp-json\/wp\/v2\/product_cat?post=46530"},{"taxonomy":"product_tag","embeddable":true,"href":"https:\/\/egerot.com\/ru\/wp-json\/wp\/v2\/product_tag?post=46530"}],"curies":[{"name":"wp","href":"https:\/\/api.w.org\/{rel}","templated":true}]}}