{"id":47435,"date":"2025-03-10T05:36:01","date_gmt":"2025-03-10T05:36:01","guid":{"rendered":"https:\/\/egerot.com\/product\/er1290\/"},"modified":"2025-03-10T05:36:01","modified_gmt":"2025-03-10T05:36:01","slug":"er1290","status":"publish","type":"product","link":"https:\/\/egerot.com\/ru\/product\/er1290\/","title":{"rendered":"ER1290"},"content":{"rendered":"<p><strong>\u0422\u0440\u0443\u0431\u0430:  \u00d8: <\/strong> \u00d836 <\/p>\n<p><strong>\u041a\u043e\u043d\u0443\u0441:  \u00d8S\/\u00d8B (mm): <\/strong> 24,7\/28,6 <\/p>\n<p><strong>\u0414\u043b\u0438\u043d\u0430:  (mm): <\/strong> 350mm <\/p>\n","protected":false},"excerpt":{"rendered":"<p>\u00d8: \u00d836 \u00d8S\/\u00d8B (mm): 24,7\/28,6 (mm): 350mm<\/p>\n","protected":false},"featured_media":0,"comment_status":"closed","ping_status":"open","template":"","meta":{"_acf_changed":false},"marka":[20554],"model":[30781,30782,31312,30783,23401,31286,31287,31288,24918,31289,31313,31314],"referans-numarasi":[31315,35586,35587,26873],"uretici":[62048],"product_brand":[],"product_cat":[23436],"product_tag":[],"class_list":{"0":"post-47435","1":"product","2":"type-product","3":"status-publish","5":"marka-egerot-ru","6":"model-7350-ru","7":"model-8700-ru","8":"model-b6-ru","9":"model-b7-ru","10":"model-b9-ru","11":"model-fh-ru","12":"model-fh12-ru","13":"model-fh16-ru","14":"model-fl6-ru","15":"model-fm-ru","16":"model-fm12-ru","17":"model-fm9-ru","18":"referans-numarasi-20443063-ru","19":"referans-numarasi-20443067-ru","20":"referans-numarasi-20539988-ru","21":"referans-numarasi-20994420-ru","22":"uretici-null-ru","23":"product_cat-23436","25":"first","26":"instock","27":"product-type-simple"},"acf":[],"_links":{"self":[{"href":"https:\/\/egerot.com\/ru\/wp-json\/wp\/v2\/product\/47435","targetHints":{"allow":["GET"]}}],"collection":[{"href":"https:\/\/egerot.com\/ru\/wp-json\/wp\/v2\/product"}],"about":[{"href":"https:\/\/egerot.com\/ru\/wp-json\/wp\/v2\/types\/product"}],"replies":[{"embeddable":true,"href":"https:\/\/egerot.com\/ru\/wp-json\/wp\/v2\/comments?post=47435"}],"wp:attachment":[{"href":"https:\/\/egerot.com\/ru\/wp-json\/wp\/v2\/media?parent=47435"}],"wp:term":[{"taxonomy":"marka","embeddable":true,"href":"https:\/\/egerot.com\/ru\/wp-json\/wp\/v2\/marka?post=47435"},{"taxonomy":"model","embeddable":true,"href":"https:\/\/egerot.com\/ru\/wp-json\/wp\/v2\/model?post=47435"},{"taxonomy":"referans-numarasi","embeddable":true,"href":"https:\/\/egerot.com\/ru\/wp-json\/wp\/v2\/referans-numarasi?post=47435"},{"taxonomy":"uretici","embeddable":true,"href":"https:\/\/egerot.com\/ru\/wp-json\/wp\/v2\/uretici?post=47435"},{"taxonomy":"product_brand","embeddable":true,"href":"https:\/\/egerot.com\/ru\/wp-json\/wp\/v2\/product_brand?post=47435"},{"taxonomy":"product_cat","embeddable":true,"href":"https:\/\/egerot.com\/ru\/wp-json\/wp\/v2\/product_cat?post=47435"},{"taxonomy":"product_tag","embeddable":true,"href":"https:\/\/egerot.com\/ru\/wp-json\/wp\/v2\/product_tag?post=47435"}],"curies":[{"name":"wp","href":"https:\/\/api.w.org\/{rel}","templated":true}]}}