{"id":41120,"date":"2025-03-10T06:34:47","date_gmt":"2025-03-10T06:34:47","guid":{"rendered":"https:\/\/egerot.com\/product\/pp2-001-309\/"},"modified":"2025-03-10T06:34:47","modified_gmt":"2025-03-10T06:34:47","slug":"pp2-001-309","status":"publish","type":"product","link":"https:\/\/egerot.com\/tr\/product\/pp2-001-309\/","title":{"rendered":"PP2 001 309"},"content":{"rendered":"<p><strong>MOTOR : <\/strong> D16G <\/p>\n<p><strong>SANZIMAN : <\/strong> AT2812\/D, AT03112\/D OTOMATIK <\/p>\n<p><strong>\u00dcr\u00fcn tipi: <\/strong> SB430I <\/p>\n<p><strong>SISTEM \u00c7API : <\/strong> 430 mm <\/p>\n","protected":false},"excerpt":{"rendered":"<p>MOTOR : D16G SANZIMAN : AT2812\/D, AT03112\/D OTOMATIK \u00dcr\u00fcn tipi: SB430I SISTEM \u00c7API : 430 mm<\/p>\n","protected":false},"featured_media":0,"comment_status":"closed","ping_status":"open","template":"","meta":{"_acf_changed":false},"marka":[15057],"model":[19834],"referans-numarasi":[19835,19836,19837],"uretici":[62052],"product_brand":[],"product_cat":[17282],"product_tag":[],"class_list":{"0":"post-41120","1":"product","2":"type-product","3":"status-publish","5":"marka-revol-tr","6":"model-fh16-euro-6-650-700-750-tr","7":"referans-numarasi-21648793-tr","8":"referans-numarasi-22317110-tr","9":"referans-numarasi-3482001309-tr","10":"uretici-null-tr","11":"product_cat-baski-plakasi","13":"first","14":"instock","15":"product-type-simple"},"acf":[],"_links":{"self":[{"href":"https:\/\/egerot.com\/tr\/wp-json\/wp\/v2\/product\/41120","targetHints":{"allow":["GET"]}}],"collection":[{"href":"https:\/\/egerot.com\/tr\/wp-json\/wp\/v2\/product"}],"about":[{"href":"https:\/\/egerot.com\/tr\/wp-json\/wp\/v2\/types\/product"}],"replies":[{"embeddable":true,"href":"https:\/\/egerot.com\/tr\/wp-json\/wp\/v2\/comments?post=41120"}],"wp:attachment":[{"href":"https:\/\/egerot.com\/tr\/wp-json\/wp\/v2\/media?parent=41120"}],"wp:term":[{"taxonomy":"marka","embeddable":true,"href":"https:\/\/egerot.com\/tr\/wp-json\/wp\/v2\/marka?post=41120"},{"taxonomy":"model","embeddable":true,"href":"https:\/\/egerot.com\/tr\/wp-json\/wp\/v2\/model?post=41120"},{"taxonomy":"referans-numarasi","embeddable":true,"href":"https:\/\/egerot.com\/tr\/wp-json\/wp\/v2\/referans-numarasi?post=41120"},{"taxonomy":"uretici","embeddable":true,"href":"https:\/\/egerot.com\/tr\/wp-json\/wp\/v2\/uretici?post=41120"},{"taxonomy":"product_brand","embeddable":true,"href":"https:\/\/egerot.com\/tr\/wp-json\/wp\/v2\/product_brand?post=41120"},{"taxonomy":"product_cat","embeddable":true,"href":"https:\/\/egerot.com\/tr\/wp-json\/wp\/v2\/product_cat?post=41120"},{"taxonomy":"product_tag","embeddable":true,"href":"https:\/\/egerot.com\/tr\/wp-json\/wp\/v2\/product_tag?post=41120"}],"curies":[{"name":"wp","href":"https:\/\/api.w.org\/{rel}","templated":true}]}}