{"id":43577,"date":"2025-03-10T06:12:38","date_gmt":"2025-03-10T06:12:38","guid":{"rendered":"https:\/\/egerot.com\/product\/er3306\/"},"modified":"2025-03-10T06:12:38","modified_gmt":"2025-03-10T06:12:38","slug":"er3306","status":"publish","type":"product","link":"https:\/\/egerot.com\/tr\/product\/er3306\/","title":{"rendered":"ER3306"},"content":{"rendered":"<p><strong>Di\u015f \u00d6l\u00e7\u00fcs\u00fc: :  <\/strong> M28x1.5 RHT <\/p>\n<p><strong>Konik:  \u00d8S\/\u00d8B (mm): <\/strong> 18\/20 <\/p>\n<p><strong>Uzunluk:  (mm): <\/strong> 105mm <\/p>\n","protected":false},"excerpt":{"rendered":"<p>: M28x1.5 RHT \u00d8S\/\u00d8B (mm): 18\/20 (mm): 105mm<\/p>\n","protected":false},"featured_media":0,"comment_status":"closed","ping_status":"open","template":"","meta":{"_acf_changed":false},"marka":[20560],"model":[25591,25592],"referans-numarasi":[25593,25594,25595],"uretici":[62052],"product_brand":[],"product_cat":[22138],"product_tag":[],"class_list":{"0":"post-43577","1":"product","2":"type-product","3":"status-publish","5":"marka-egerot-tr","6":"model-nqr70-turkuaz-midibus-tr","7":"model-sultan-125-145-disk-frenli-tr","8":"referans-numarasi-1101202-tr","9":"referans-numarasi-12e0307005ab-tr","10":"referans-numarasi-377772586001-tr","11":"uretici-null-tr","12":"product_cat-rot-basi","14":"first","15":"instock","16":"product-type-simple"},"acf":[],"_links":{"self":[{"href":"https:\/\/egerot.com\/tr\/wp-json\/wp\/v2\/product\/43577","targetHints":{"allow":["GET"]}}],"collection":[{"href":"https:\/\/egerot.com\/tr\/wp-json\/wp\/v2\/product"}],"about":[{"href":"https:\/\/egerot.com\/tr\/wp-json\/wp\/v2\/types\/product"}],"replies":[{"embeddable":true,"href":"https:\/\/egerot.com\/tr\/wp-json\/wp\/v2\/comments?post=43577"}],"wp:attachment":[{"href":"https:\/\/egerot.com\/tr\/wp-json\/wp\/v2\/media?parent=43577"}],"wp:term":[{"taxonomy":"marka","embeddable":true,"href":"https:\/\/egerot.com\/tr\/wp-json\/wp\/v2\/marka?post=43577"},{"taxonomy":"model","embeddable":true,"href":"https:\/\/egerot.com\/tr\/wp-json\/wp\/v2\/model?post=43577"},{"taxonomy":"referans-numarasi","embeddable":true,"href":"https:\/\/egerot.com\/tr\/wp-json\/wp\/v2\/referans-numarasi?post=43577"},{"taxonomy":"uretici","embeddable":true,"href":"https:\/\/egerot.com\/tr\/wp-json\/wp\/v2\/uretici?post=43577"},{"taxonomy":"product_brand","embeddable":true,"href":"https:\/\/egerot.com\/tr\/wp-json\/wp\/v2\/product_brand?post=43577"},{"taxonomy":"product_cat","embeddable":true,"href":"https:\/\/egerot.com\/tr\/wp-json\/wp\/v2\/product_cat?post=43577"},{"taxonomy":"product_tag","embeddable":true,"href":"https:\/\/egerot.com\/tr\/wp-json\/wp\/v2\/product_tag?post=43577"}],"curies":[{"name":"wp","href":"https:\/\/api.w.org\/{rel}","templated":true}]}}