{"id":44157,"date":"2025-03-10T06:07:07","date_gmt":"2025-03-10T06:07:07","guid":{"rendered":"https:\/\/egerot.com\/product\/er3070\/"},"modified":"2025-03-10T06:07:07","modified_gmt":"2025-03-10T06:07:07","slug":"er3070","status":"publish","type":"product","link":"https:\/\/egerot.com\/tr\/product\/er3070\/","title":{"rendered":"ER3070"},"content":{"rendered":"<p><strong>Di\u015f \u00d6l\u00e7\u00fcs\u00fc: :  <\/strong> M100x2 \/ M48x1,5 <\/p>\n<p><strong>Konik:  \u00d8S\/\u00d8B (mm): <\/strong> 45,5\/50 <\/p>\n","protected":false},"excerpt":{"rendered":"<p>: M100x2 \/ M48x1,5 \u00d8S\/\u00d8B (mm): 45,5\/50<\/p>\n","protected":false},"featured_media":0,"comment_status":"closed","ping_status":"open","template":"","meta":{"_acf_changed":false},"marka":[20560],"model":[27144],"referans-numarasi":[27145,27146,27147,27148,27149,27150,27151,27152,27153,27154],"uretici":[62052],"product_brand":[],"product_cat":[22138],"product_tag":[],"class_list":{"0":"post-44157","1":"product","2":"type-product","3":"status-publish","5":"marka-egerot-tr","6":"model-fiat-series-300-393-35-my-way-irisbus-europolis-iveco-bus-393-29-393-35-my-way-tr","7":"referans-numarasi-0858839-tr","8":"referans-numarasi-10361264-tr","9":"referans-numarasi-42536818-tr","10":"referans-numarasi-42567705-tr","11":"referans-numarasi-5006303722-tr","12":"referans-numarasi-7974292-tr","13":"referans-numarasi-ae05200900-tr","14":"referans-numarasi-d055273-tr","15":"referans-numarasi-d055281-tr","16":"referans-numarasi-d057266-tr","17":"uretici-null-tr","18":"product_cat-rot-basi","20":"first","21":"instock","22":"product-type-simple"},"acf":[],"_links":{"self":[{"href":"https:\/\/egerot.com\/tr\/wp-json\/wp\/v2\/product\/44157","targetHints":{"allow":["GET"]}}],"collection":[{"href":"https:\/\/egerot.com\/tr\/wp-json\/wp\/v2\/product"}],"about":[{"href":"https:\/\/egerot.com\/tr\/wp-json\/wp\/v2\/types\/product"}],"replies":[{"embeddable":true,"href":"https:\/\/egerot.com\/tr\/wp-json\/wp\/v2\/comments?post=44157"}],"wp:attachment":[{"href":"https:\/\/egerot.com\/tr\/wp-json\/wp\/v2\/media?parent=44157"}],"wp:term":[{"taxonomy":"marka","embeddable":true,"href":"https:\/\/egerot.com\/tr\/wp-json\/wp\/v2\/marka?post=44157"},{"taxonomy":"model","embeddable":true,"href":"https:\/\/egerot.com\/tr\/wp-json\/wp\/v2\/model?post=44157"},{"taxonomy":"referans-numarasi","embeddable":true,"href":"https:\/\/egerot.com\/tr\/wp-json\/wp\/v2\/referans-numarasi?post=44157"},{"taxonomy":"uretici","embeddable":true,"href":"https:\/\/egerot.com\/tr\/wp-json\/wp\/v2\/uretici?post=44157"},{"taxonomy":"product_brand","embeddable":true,"href":"https:\/\/egerot.com\/tr\/wp-json\/wp\/v2\/product_brand?post=44157"},{"taxonomy":"product_cat","embeddable":true,"href":"https:\/\/egerot.com\/tr\/wp-json\/wp\/v2\/product_cat?post=44157"},{"taxonomy":"product_tag","embeddable":true,"href":"https:\/\/egerot.com\/tr\/wp-json\/wp\/v2\/product_tag?post=44157"}],"curies":[{"name":"wp","href":"https:\/\/api.w.org\/{rel}","templated":true}]}}