{"id":44162,"date":"2025-03-10T06:07:07","date_gmt":"2025-03-10T06:07:07","guid":{"rendered":"https:\/\/egerot.com\/product\/er3071\/"},"modified":"2025-03-10T06:07:07","modified_gmt":"2025-03-10T06:07:07","slug":"er3071","status":"publish","type":"product","link":"https:\/\/egerot.com\/tr\/product\/er3071\/","title":{"rendered":"ER3071"},"content":{"rendered":"<p><strong>Di\u015f \u00d6l\u00e7\u00fcs\u00fc: :  <\/strong> M85x1,5 \/ M36x1,5 <\/p>\n<p><strong>Konik:  \u00d8S\/\u00d8B (mm): <\/strong> 37.8\/42 <\/p>\n","protected":false},"excerpt":{"rendered":"<p>: M85x1,5 \/ M36x1,5 \u00d8S\/\u00d8B (mm): 37.8\/42<\/p>\n","protected":false},"featured_media":0,"comment_status":"closed","ping_status":"open","template":"","meta":{"_acf_changed":false},"marka":[20560],"model":[27177],"referans-numarasi":[27178,27179,27180,27181,27182,27183],"uretici":[62052],"product_brand":[],"product_cat":[22138],"product_tag":[],"class_list":{"0":"post-44162","1":"product","2":"type-product","3":"status-publish","5":"marka-egerot-tr","6":"model-fiat-series-300-393-35-my-way-irisbus-europolis-iveco-bus-393-29-393-35-399-35-my-way-eurorider-irizar-pb-14-pb14-6-pb-16-tr","7":"referans-numarasi-42567706-tr","8":"referans-numarasi-500333278-tr","9":"referans-numarasi-5006303711-tr","10":"referans-numarasi-d055280-tr","11":"referans-numarasi-d057268-tr","12":"referans-numarasi-d057274-tr","13":"uretici-null-tr","14":"product_cat-rot-basi","16":"first","17":"instock","18":"product-type-simple"},"acf":[],"_links":{"self":[{"href":"https:\/\/egerot.com\/tr\/wp-json\/wp\/v2\/product\/44162","targetHints":{"allow":["GET"]}}],"collection":[{"href":"https:\/\/egerot.com\/tr\/wp-json\/wp\/v2\/product"}],"about":[{"href":"https:\/\/egerot.com\/tr\/wp-json\/wp\/v2\/types\/product"}],"replies":[{"embeddable":true,"href":"https:\/\/egerot.com\/tr\/wp-json\/wp\/v2\/comments?post=44162"}],"wp:attachment":[{"href":"https:\/\/egerot.com\/tr\/wp-json\/wp\/v2\/media?parent=44162"}],"wp:term":[{"taxonomy":"marka","embeddable":true,"href":"https:\/\/egerot.com\/tr\/wp-json\/wp\/v2\/marka?post=44162"},{"taxonomy":"model","embeddable":true,"href":"https:\/\/egerot.com\/tr\/wp-json\/wp\/v2\/model?post=44162"},{"taxonomy":"referans-numarasi","embeddable":true,"href":"https:\/\/egerot.com\/tr\/wp-json\/wp\/v2\/referans-numarasi?post=44162"},{"taxonomy":"uretici","embeddable":true,"href":"https:\/\/egerot.com\/tr\/wp-json\/wp\/v2\/uretici?post=44162"},{"taxonomy":"product_brand","embeddable":true,"href":"https:\/\/egerot.com\/tr\/wp-json\/wp\/v2\/product_brand?post=44162"},{"taxonomy":"product_cat","embeddable":true,"href":"https:\/\/egerot.com\/tr\/wp-json\/wp\/v2\/product_cat?post=44162"},{"taxonomy":"product_tag","embeddable":true,"href":"https:\/\/egerot.com\/tr\/wp-json\/wp\/v2\/product_tag?post=44162"}],"curies":[{"name":"wp","href":"https:\/\/api.w.org\/{rel}","templated":true}]}}