{"id":44372,"date":"2025-03-10T06:05:10","date_gmt":"2025-03-10T06:05:10","guid":{"rendered":"https:\/\/egerot.com\/product\/er2299\/"},"modified":"2025-03-10T06:05:10","modified_gmt":"2025-03-10T06:05:10","slug":"er2299","status":"publish","type":"product","link":"https:\/\/egerot.com\/tr\/product\/er2299\/","title":{"rendered":"ER2299"},"content":{"rendered":"<p><strong>Di\u015f \u00c7ap: \u00d8 : <\/strong> \u00d8108 <\/p>\n<p><strong>Delik: \u00d8 : <\/strong> \u00d823 <\/p>\n<p><strong>Delik:  ekseni (mm): : <\/strong> 165 <\/p>\n<p><strong>Kal\u0131nl\u0131k:  (mm): : <\/strong> 30 <\/p>\n","protected":false},"excerpt":{"rendered":"<p>\u00d8 : \u00d8108 \u00d8 : \u00d823 ekseni (mm): : 165 (mm): : 30<\/p>\n","protected":false},"featured_media":0,"comment_status":"closed","ping_status":"open","template":"","meta":{"_acf_changed":false},"marka":[20560],"model":[27788,27789],"referans-numarasi":[27790,27791],"uretici":[62052],"product_brand":[],"product_cat":[27587],"product_tag":[],"class_list":{"0":"post-44372","1":"product","2":"type-product","3":"status-publish","5":"marka-egerot-tr","6":"model-fh-16-ii-fm-fmx-fmx-ii-tr","7":"model-kerax-370-26-410-26-450-26-tr","8":"referans-numarasi-20864583-tr","9":"referans-numarasi-7420864583-tr","10":"uretici-null-tr","11":"product_cat-tamir-kiti","13":"first","14":"instock","15":"product-type-simple"},"acf":[],"_links":{"self":[{"href":"https:\/\/egerot.com\/tr\/wp-json\/wp\/v2\/product\/44372","targetHints":{"allow":["GET"]}}],"collection":[{"href":"https:\/\/egerot.com\/tr\/wp-json\/wp\/v2\/product"}],"about":[{"href":"https:\/\/egerot.com\/tr\/wp-json\/wp\/v2\/types\/product"}],"replies":[{"embeddable":true,"href":"https:\/\/egerot.com\/tr\/wp-json\/wp\/v2\/comments?post=44372"}],"wp:attachment":[{"href":"https:\/\/egerot.com\/tr\/wp-json\/wp\/v2\/media?parent=44372"}],"wp:term":[{"taxonomy":"marka","embeddable":true,"href":"https:\/\/egerot.com\/tr\/wp-json\/wp\/v2\/marka?post=44372"},{"taxonomy":"model","embeddable":true,"href":"https:\/\/egerot.com\/tr\/wp-json\/wp\/v2\/model?post=44372"},{"taxonomy":"referans-numarasi","embeddable":true,"href":"https:\/\/egerot.com\/tr\/wp-json\/wp\/v2\/referans-numarasi?post=44372"},{"taxonomy":"uretici","embeddable":true,"href":"https:\/\/egerot.com\/tr\/wp-json\/wp\/v2\/uretici?post=44372"},{"taxonomy":"product_brand","embeddable":true,"href":"https:\/\/egerot.com\/tr\/wp-json\/wp\/v2\/product_brand?post=44372"},{"taxonomy":"product_cat","embeddable":true,"href":"https:\/\/egerot.com\/tr\/wp-json\/wp\/v2\/product_cat?post=44372"},{"taxonomy":"product_tag","embeddable":true,"href":"https:\/\/egerot.com\/tr\/wp-json\/wp\/v2\/product_tag?post=44372"}],"curies":[{"name":"wp","href":"https:\/\/api.w.org\/{rel}","templated":true}]}}