{"id":44437,"date":"2025-03-10T06:04:19","date_gmt":"2025-03-10T06:04:19","guid":{"rendered":"https:\/\/egerot.com\/product\/er2270\/"},"modified":"2025-03-10T06:04:19","modified_gmt":"2025-03-10T06:04:19","slug":"er2270","status":"publish","type":"product","link":"https:\/\/egerot.com\/tr\/product\/er2270\/","title":{"rendered":"ER2270"},"content":{"rendered":"<p><strong>Di\u015f \u00c7ap: \u00d8 : <\/strong> \u00d891.3 \/ \u00d852 \/ 85 <\/p>\n","protected":false},"excerpt":{"rendered":"<p>\u00d8 : \u00d891.3 \/ \u00d852 \/ 85<\/p>\n","protected":false},"featured_media":0,"comment_status":"closed","ping_status":"open","template":"","meta":{"_acf_changed":false},"marka":[20560],"model":[27818],"referans-numarasi":[27819],"uretici":[62052],"product_brand":[],"product_cat":[27587],"product_tag":[],"class_list":{"0":"post-44437","1":"product","2":"type-product","3":"status-publish","5":"marka-egerot-tr","6":"model-b7-f10-f12-f16-fl6-fl7-fl10-fl12-fm7-fm10-fm12-nh12-7350-8700-tr","7":"referans-numarasi-1135080-tr","8":"uretici-null-tr","9":"product_cat-tamir-kiti","11":"first","12":"instock","13":"product-type-simple"},"acf":[],"_links":{"self":[{"href":"https:\/\/egerot.com\/tr\/wp-json\/wp\/v2\/product\/44437","targetHints":{"allow":["GET"]}}],"collection":[{"href":"https:\/\/egerot.com\/tr\/wp-json\/wp\/v2\/product"}],"about":[{"href":"https:\/\/egerot.com\/tr\/wp-json\/wp\/v2\/types\/product"}],"replies":[{"embeddable":true,"href":"https:\/\/egerot.com\/tr\/wp-json\/wp\/v2\/comments?post=44437"}],"wp:attachment":[{"href":"https:\/\/egerot.com\/tr\/wp-json\/wp\/v2\/media?parent=44437"}],"wp:term":[{"taxonomy":"marka","embeddable":true,"href":"https:\/\/egerot.com\/tr\/wp-json\/wp\/v2\/marka?post=44437"},{"taxonomy":"model","embeddable":true,"href":"https:\/\/egerot.com\/tr\/wp-json\/wp\/v2\/model?post=44437"},{"taxonomy":"referans-numarasi","embeddable":true,"href":"https:\/\/egerot.com\/tr\/wp-json\/wp\/v2\/referans-numarasi?post=44437"},{"taxonomy":"uretici","embeddable":true,"href":"https:\/\/egerot.com\/tr\/wp-json\/wp\/v2\/uretici?post=44437"},{"taxonomy":"product_brand","embeddable":true,"href":"https:\/\/egerot.com\/tr\/wp-json\/wp\/v2\/product_brand?post=44437"},{"taxonomy":"product_cat","embeddable":true,"href":"https:\/\/egerot.com\/tr\/wp-json\/wp\/v2\/product_cat?post=44437"},{"taxonomy":"product_tag","embeddable":true,"href":"https:\/\/egerot.com\/tr\/wp-json\/wp\/v2\/product_tag?post=44437"}],"curies":[{"name":"wp","href":"https:\/\/api.w.org\/{rel}","templated":true}]}}