{"id":44767,"date":"2025-03-10T06:01:08","date_gmt":"2025-03-10T06:01:08","guid":{"rendered":"https:\/\/egerot.com\/product\/er2138\/"},"modified":"2025-03-10T06:01:08","modified_gmt":"2025-03-10T06:01:08","slug":"er2138","status":"publish","type":"product","link":"https:\/\/egerot.com\/tr\/product\/er2138\/","title":{"rendered":"ER2138"},"content":{"rendered":"<p><strong>Di\u015f \u00c7ap: \u00d8 : <\/strong> \u00d885 <\/p>\n<p><strong>Delik: \u00d8 : <\/strong> \u00d821\/26 <\/p>\n<p><strong>Delik:  ekseni (mm): : <\/strong> 130 <\/p>\n<p><strong>Kal\u0131nl\u0131k:  (mm): : <\/strong> 30 <\/p>\n","protected":false},"excerpt":{"rendered":"<p>\u00d8 : \u00d885 \u00d8 : \u00d821\/26 ekseni (mm): : 130 (mm): : 30<\/p>\n","protected":false},"featured_media":0,"comment_status":"closed","ping_status":"open","template":"","meta":{"_acf_changed":false},"marka":[20560],"model":[28834,19834],"referans-numarasi":[28835,28836,28837,28838,28839],"uretici":[62052],"product_brand":[],"product_cat":[27587],"product_tag":[],"class_list":{"0":"post-44767","1":"product","2":"type-product","3":"status-publish","5":"marka-egerot-tr","6":"model-fh-fh-12-fh-16-tr","7":"model-fh16-euro-6-650-700-750-tr","8":"referans-numarasi-20840815-tr","9":"referans-numarasi-3093630-tr","10":"referans-numarasi-3093631-tr","11":"referans-numarasi-7020840815-tr","12":"referans-numarasi-7420840815-tr","13":"uretici-null-tr","14":"product_cat-tamir-kiti","16":"first","17":"instock","18":"product-type-simple"},"acf":[],"_links":{"self":[{"href":"https:\/\/egerot.com\/tr\/wp-json\/wp\/v2\/product\/44767","targetHints":{"allow":["GET"]}}],"collection":[{"href":"https:\/\/egerot.com\/tr\/wp-json\/wp\/v2\/product"}],"about":[{"href":"https:\/\/egerot.com\/tr\/wp-json\/wp\/v2\/types\/product"}],"replies":[{"embeddable":true,"href":"https:\/\/egerot.com\/tr\/wp-json\/wp\/v2\/comments?post=44767"}],"wp:attachment":[{"href":"https:\/\/egerot.com\/tr\/wp-json\/wp\/v2\/media?parent=44767"}],"wp:term":[{"taxonomy":"marka","embeddable":true,"href":"https:\/\/egerot.com\/tr\/wp-json\/wp\/v2\/marka?post=44767"},{"taxonomy":"model","embeddable":true,"href":"https:\/\/egerot.com\/tr\/wp-json\/wp\/v2\/model?post=44767"},{"taxonomy":"referans-numarasi","embeddable":true,"href":"https:\/\/egerot.com\/tr\/wp-json\/wp\/v2\/referans-numarasi?post=44767"},{"taxonomy":"uretici","embeddable":true,"href":"https:\/\/egerot.com\/tr\/wp-json\/wp\/v2\/uretici?post=44767"},{"taxonomy":"product_brand","embeddable":true,"href":"https:\/\/egerot.com\/tr\/wp-json\/wp\/v2\/product_brand?post=44767"},{"taxonomy":"product_cat","embeddable":true,"href":"https:\/\/egerot.com\/tr\/wp-json\/wp\/v2\/product_cat?post=44767"},{"taxonomy":"product_tag","embeddable":true,"href":"https:\/\/egerot.com\/tr\/wp-json\/wp\/v2\/product_tag?post=44767"}],"curies":[{"name":"wp","href":"https:\/\/api.w.org\/{rel}","templated":true}]}}