{"id":44902,"date":"2025-03-10T05:59:52","date_gmt":"2025-03-10T05:59:52","guid":{"rendered":"https:\/\/egerot.com\/product\/er2099\/"},"modified":"2025-03-10T05:59:52","modified_gmt":"2025-03-10T05:59:52","slug":"er2099","status":"publish","type":"product","link":"https:\/\/egerot.com\/tr\/product\/er2099\/","title":{"rendered":"ER2099"},"content":{"rendered":"<p><strong>Di\u015f \u00c7ap: \u00d8 : <\/strong> \u00d895 <\/p>\n<p><strong>Delik: \u00d8 : <\/strong> \u00d823 <\/p>\n<p><strong>Delik:  ekseni (mm): : <\/strong> 152 <\/p>\n<p><strong>Kal\u0131nl\u0131k:  (mm): : <\/strong> 24 <\/p>\n","protected":false},"excerpt":{"rendered":"<p>\u00d8 : \u00d895 \u00d8 : \u00d823 ekseni (mm): : 152 (mm): : 24<\/p>\n","protected":false},"featured_media":0,"comment_status":"closed","ping_status":"open","template":"","meta":{"_acf_changed":false},"marka":[20560],"model":[28678,29045],"referans-numarasi":[29046,29047],"uretici":[62052],"product_brand":[],"product_cat":[27587],"product_tag":[],"class_list":{"0":"post-44902","1":"product","2":"type-product","3":"status-publish","5":"marka-egerot-tr","6":"model-f90-f2000-tr","7":"model-n10-fl7-fl12-fl10-f16-f12-f10-tr","8":"referans-numarasi-276192-tr","9":"referans-numarasi-81432706079-tr","10":"uretici-null-tr","11":"product_cat-tamir-kiti","13":"first","14":"instock","15":"product-type-simple"},"acf":[],"_links":{"self":[{"href":"https:\/\/egerot.com\/tr\/wp-json\/wp\/v2\/product\/44902","targetHints":{"allow":["GET"]}}],"collection":[{"href":"https:\/\/egerot.com\/tr\/wp-json\/wp\/v2\/product"}],"about":[{"href":"https:\/\/egerot.com\/tr\/wp-json\/wp\/v2\/types\/product"}],"replies":[{"embeddable":true,"href":"https:\/\/egerot.com\/tr\/wp-json\/wp\/v2\/comments?post=44902"}],"wp:attachment":[{"href":"https:\/\/egerot.com\/tr\/wp-json\/wp\/v2\/media?parent=44902"}],"wp:term":[{"taxonomy":"marka","embeddable":true,"href":"https:\/\/egerot.com\/tr\/wp-json\/wp\/v2\/marka?post=44902"},{"taxonomy":"model","embeddable":true,"href":"https:\/\/egerot.com\/tr\/wp-json\/wp\/v2\/model?post=44902"},{"taxonomy":"referans-numarasi","embeddable":true,"href":"https:\/\/egerot.com\/tr\/wp-json\/wp\/v2\/referans-numarasi?post=44902"},{"taxonomy":"uretici","embeddable":true,"href":"https:\/\/egerot.com\/tr\/wp-json\/wp\/v2\/uretici?post=44902"},{"taxonomy":"product_brand","embeddable":true,"href":"https:\/\/egerot.com\/tr\/wp-json\/wp\/v2\/product_brand?post=44902"},{"taxonomy":"product_cat","embeddable":true,"href":"https:\/\/egerot.com\/tr\/wp-json\/wp\/v2\/product_cat?post=44902"},{"taxonomy":"product_tag","embeddable":true,"href":"https:\/\/egerot.com\/tr\/wp-json\/wp\/v2\/product_tag?post=44902"}],"curies":[{"name":"wp","href":"https:\/\/api.w.org\/{rel}","templated":true}]}}