{"id":45202,"date":"2025-03-10T05:56:57","date_gmt":"2025-03-10T05:56:57","guid":{"rendered":"https:\/\/egerot.com\/product\/er1994\/"},"modified":"2025-03-10T05:56:57","modified_gmt":"2025-03-10T05:56:57","slug":"er1994","status":"publish","type":"product","link":"https:\/\/egerot.com\/tr\/product\/er1994\/","title":{"rendered":"ER1994"},"content":{"rendered":"<p><strong>Di\u015f \u00d6l\u00e7\u00fcs\u00fc: :  <\/strong> M85x1,5 \/ M30x1,5 <\/p>\n<p><strong>Konik:  \u00d8S\/\u00d8B (mm): <\/strong> 33,6\/42 <\/p>\n","protected":false},"excerpt":{"rendered":"<p>: M85x1,5 \/ M30x1,5 \u00d8S\/\u00d8B (mm): 33,6\/42<\/p>\n","protected":false},"featured_media":0,"comment_status":"closed","ping_status":"open","template":"","meta":{"_acf_changed":false},"marka":[20560],"model":[25058],"referans-numarasi":[30044,30045,30046,30047],"uretici":[62052],"product_brand":[],"product_cat":[22138],"product_tag":[],"class_list":{"0":"post-45202","1":"product","2":"type-product","3":"status-publish","5":"marka-egerot-tr","6":"model-b-12-tr","7":"referans-numarasi-20739867-tr","8":"referans-numarasi-20994563-tr","9":"referans-numarasi-70314325-tr","10":"referans-numarasi-70321617-tr","11":"uretici-null-tr","12":"product_cat-rot-basi","14":"first","15":"instock","16":"product-type-simple"},"acf":[],"_links":{"self":[{"href":"https:\/\/egerot.com\/tr\/wp-json\/wp\/v2\/product\/45202","targetHints":{"allow":["GET"]}}],"collection":[{"href":"https:\/\/egerot.com\/tr\/wp-json\/wp\/v2\/product"}],"about":[{"href":"https:\/\/egerot.com\/tr\/wp-json\/wp\/v2\/types\/product"}],"replies":[{"embeddable":true,"href":"https:\/\/egerot.com\/tr\/wp-json\/wp\/v2\/comments?post=45202"}],"wp:attachment":[{"href":"https:\/\/egerot.com\/tr\/wp-json\/wp\/v2\/media?parent=45202"}],"wp:term":[{"taxonomy":"marka","embeddable":true,"href":"https:\/\/egerot.com\/tr\/wp-json\/wp\/v2\/marka?post=45202"},{"taxonomy":"model","embeddable":true,"href":"https:\/\/egerot.com\/tr\/wp-json\/wp\/v2\/model?post=45202"},{"taxonomy":"referans-numarasi","embeddable":true,"href":"https:\/\/egerot.com\/tr\/wp-json\/wp\/v2\/referans-numarasi?post=45202"},{"taxonomy":"uretici","embeddable":true,"href":"https:\/\/egerot.com\/tr\/wp-json\/wp\/v2\/uretici?post=45202"},{"taxonomy":"product_brand","embeddable":true,"href":"https:\/\/egerot.com\/tr\/wp-json\/wp\/v2\/product_brand?post=45202"},{"taxonomy":"product_cat","embeddable":true,"href":"https:\/\/egerot.com\/tr\/wp-json\/wp\/v2\/product_cat?post=45202"},{"taxonomy":"product_tag","embeddable":true,"href":"https:\/\/egerot.com\/tr\/wp-json\/wp\/v2\/product_tag?post=45202"}],"curies":[{"name":"wp","href":"https:\/\/api.w.org\/{rel}","templated":true}]}}