{"id":45407,"date":"2025-03-10T05:54:55","date_gmt":"2025-03-10T05:54:55","guid":{"rendered":"https:\/\/egerot.com\/product\/er1905\/"},"modified":"2025-03-10T05:54:55","modified_gmt":"2025-03-10T05:54:55","slug":"er1905","status":"publish","type":"product","link":"https:\/\/egerot.com\/tr\/product\/er1905\/","title":{"rendered":"ER1905"},"content":{"rendered":"<p><strong>T\u00fcp:  \u00d8: <\/strong> \u00d830 <\/p>\n<p><strong>Konik:  \u00d8S\/\u00d8B (mm): <\/strong> 23,5\/26 <\/p>\n<p><strong>Uzunluk:  (mm): <\/strong> 150mm <\/p>\n","protected":false},"excerpt":{"rendered":"<p>\u00d8: \u00d830 \u00d8S\/\u00d8B (mm): 23,5\/26 (mm): 150mm<\/p>\n","protected":false},"featured_media":0,"comment_status":"closed","ping_status":"open","template":"","meta":{"_acf_changed":false},"marka":[20560],"model":[26392,26393,26394],"referans-numarasi":[30415],"uretici":[62052],"product_brand":[],"product_cat":[23442],"product_tag":[],"class_list":{"0":"post-45407","1":"product","2":"type-product","3":"status-publish","5":"marka-egerot-tr","6":"model-k-tr","7":"model-k94-l94-n94-114-124-bus-f-tr","8":"model-n-irizar-pb-tr","9":"referans-numarasi-1506925-tr","10":"uretici-null-tr","11":"product_cat-stabilizator","13":"first","14":"instock","15":"product-type-simple"},"acf":[],"_links":{"self":[{"href":"https:\/\/egerot.com\/tr\/wp-json\/wp\/v2\/product\/45407","targetHints":{"allow":["GET"]}}],"collection":[{"href":"https:\/\/egerot.com\/tr\/wp-json\/wp\/v2\/product"}],"about":[{"href":"https:\/\/egerot.com\/tr\/wp-json\/wp\/v2\/types\/product"}],"replies":[{"embeddable":true,"href":"https:\/\/egerot.com\/tr\/wp-json\/wp\/v2\/comments?post=45407"}],"wp:attachment":[{"href":"https:\/\/egerot.com\/tr\/wp-json\/wp\/v2\/media?parent=45407"}],"wp:term":[{"taxonomy":"marka","embeddable":true,"href":"https:\/\/egerot.com\/tr\/wp-json\/wp\/v2\/marka?post=45407"},{"taxonomy":"model","embeddable":true,"href":"https:\/\/egerot.com\/tr\/wp-json\/wp\/v2\/model?post=45407"},{"taxonomy":"referans-numarasi","embeddable":true,"href":"https:\/\/egerot.com\/tr\/wp-json\/wp\/v2\/referans-numarasi?post=45407"},{"taxonomy":"uretici","embeddable":true,"href":"https:\/\/egerot.com\/tr\/wp-json\/wp\/v2\/uretici?post=45407"},{"taxonomy":"product_brand","embeddable":true,"href":"https:\/\/egerot.com\/tr\/wp-json\/wp\/v2\/product_brand?post=45407"},{"taxonomy":"product_cat","embeddable":true,"href":"https:\/\/egerot.com\/tr\/wp-json\/wp\/v2\/product_cat?post=45407"},{"taxonomy":"product_tag","embeddable":true,"href":"https:\/\/egerot.com\/tr\/wp-json\/wp\/v2\/product_tag?post=45407"}],"curies":[{"name":"wp","href":"https:\/\/api.w.org\/{rel}","templated":true}]}}